{"id":12195,"date":"2016-08-26T12:25:12","date_gmt":"2016-08-26T12:25:12","guid":{"rendered":"https:\/\/maxdinaoxyveinclinic.com\/?page_id=12195"},"modified":"2024-04-09T18:08:47","modified_gmt":"2024-04-09T16:08:47","slug":"fibromialgia","status":"publish","type":"page","link":"https:\/\/maxdinaoxyveinclinic.com\/es\/fibromialgia\/","title":{"rendered":"Fibromialgia"},"content":{"rendered":"<p><div class=\"fusion-fullwidth fullwidth-box fusion-builder-row-1 hundred-percent-fullwidth non-hundred-percent-height-scrolling\" style=\"--awb-background-position:left top;--awb-border-sizes-top:0px;--awb-border-sizes-bottom:0px;--awb-border-sizes-left:0px;--awb-border-sizes-right:0px;--awb-border-radius-top-left:0px;--awb-border-radius-top-right:0px;--awb-border-radius-bottom-right:0px;--awb-border-radius-bottom-left:0px;--awb-padding-top:100px;--awb-padding-right:11.25%;--awb-padding-bottom:20px;--awb-padding-left:11.25%;--awb-flex-wrap:wrap;\" ><div class=\"fusion-builder-row fusion-row\"><div class=\"fusion-layout-column fusion_builder_column fusion-builder-column-0 fusion_builder_column_1_2 1_2 fusion-one-half fusion-column-first\" style=\"--awb-bg-size:cover;width:48%; margin-right: 4%;\"><div class=\"fusion-column-wrapper fusion-flex-column-wrapper-legacy\"><div class=\"fusion-text fusion-text-1\"><p><img decoding=\"async\" class=\"alignnone size-full wp-image-12214\" src=\"https:\/\/maxdinaoxyveinclinic.com\/wp-content\/uploads\/2016\/08\/terapia-fibromialgia-marbella-centro-maxdina-wellness.jpg\" alt=\"terapia-fibromialgia-marbella-centro-maxdina-wellness\" width=\"564\" height=\"500\" srcset=\"https:\/\/maxdinaoxyveinclinic.com\/wp-content\/uploads\/2016\/08\/terapia-fibromialgia-marbella-centro-maxdina-wellness-200x177.jpg 200w, https:\/\/maxdinaoxyveinclinic.com\/wp-content\/uploads\/2016\/08\/terapia-fibromialgia-marbella-centro-maxdina-wellness-300x266.jpg 300w, https:\/\/maxdinaoxyveinclinic.com\/wp-content\/uploads\/2016\/08\/terapia-fibromialgia-marbella-centro-maxdina-wellness-400x355.jpg 400w, https:\/\/maxdinaoxyveinclinic.com\/wp-content\/uploads\/2016\/08\/terapia-fibromialgia-marbella-centro-maxdina-wellness.jpg 564w\" sizes=\"(max-width: 564px) 100vw, 564px\" \/><\/p>\n<\/div><div class=\"fusion-clearfix\"><\/div><\/div><\/div><div class=\"fusion-layout-column fusion_builder_column fusion-builder-column-1 fusion_builder_column_1_2 1_2 fusion-one-half fusion-column-last\" style=\"--awb-bg-size:cover;width:48%;\"><div class=\"fusion-column-wrapper fusion-flex-column-wrapper-legacy\"><div class=\"fusion-text fusion-text-2\"><h3>Tratamiento de la Fibromialgia<\/h3>\n<h4>Podemos ayudarle con nuestros tratamientos curativos<\/h4>\n<\/div><div class=\"fusion-text fusion-text-3\"><p>La Fibromialgia se produce por una constricci\u00f3n de vasos sangu\u00edneos.<br \/>\nProduce:<\/p>\n<ul>\n<li>Falta de \u00f3xigeno.<\/li>\n<li>Dolor f\u00edsico<\/li>\n<li>Contracturas<\/li>\n<li>Tendinitis<\/li>\n<li>Neuritis ( Inflaci\u00f3n de un nervio y sus ramificaciones, generalmente acompa\u00f1ada de dolor, atrofia muscular, par\u00e1lisis y otros fen\u00f3menos patol\u00f3gicos)<\/li>\n<\/ul>\n<p>Fibromialgia.<br \/>\nUn d\u00eda est\u00e1s en buen camino y feliz, el otro d\u00eda de repente viene la angustia. El dolor, sentir que pierdes el control sobre ti mismo. En\u00a0<a href=\"https:\/\/maxdinaoxyveinclinic.com\/\">Maxdina Oxyvein Clinic Estepona-Marbella-Costa del Sol Bienestar y Belleza<\/a>\u00a0podemos ayudarle con nuestros <a href=\"https:\/\/maxdinaoxyveinclinic.com\/masajes-relajantes-y-terapeuticos\/\">tratamientos<\/a> para sentirse mejor y lidiar con esta enfermedad.<\/p>\n<\/div><div class=\"fusion-clearfix\"><\/div><\/div><\/div><\/div><\/div><div class=\"fusion-fullwidth fullwidth-box fusion-builder-row-2 hundred-percent-fullwidth non-hundred-percent-height-scrolling\" style=\"--awb-background-position:left top;--awb-border-sizes-top:0px;--awb-border-sizes-bottom:0px;--awb-border-sizes-left:0px;--awb-border-sizes-right:0px;--awb-border-radius-top-left:0px;--awb-border-radius-top-right:0px;--awb-border-radius-bottom-right:0px;--awb-border-radius-bottom-left:0px;--awb-padding-top:100px;--awb-padding-right:11.25%;--awb-padding-bottom:20px;--awb-padding-left:11.25%;--awb-flex-wrap:wrap;\" ><div class=\"fusion-builder-row fusion-row\"><div class=\"fusion-layout-column fusion_builder_column fusion-builder-column-2 fusion_builder_column_1_2 1_2 fusion-one-half fusion-column-first\" style=\"--awb-bg-size:cover;width:48%; margin-right: 4%;\"><div class=\"fusion-column-wrapper fusion-flex-column-wrapper-legacy\"><div class=\"fusion-text fusion-text-4\"><p>\u00a1S\u00e9 fuerte! No importa lo que est\u00e1 pasando.<br \/>\nS\u00e9 fuerte y recuerda: nada es permanente, todo es temporal. Creer que todos los d\u00edas se puede sentir un poco mejor, paso a paso \u00a1Cree en esto! No te deprimas, eso no va a ayudar. Puedes llorar si quieres y sacar lo que llevas dentro. Se fuerte y piensa en ti mismo, solamente se siente el dolor y recuerda que tienes que recuperarte y nunca aceptar que esta enfermedad es parte de tu vida para siempre.<\/p>\n<h2>Espondilitis Anquilosante (protocolo)<\/h2>\n<p>La espondilitis anquilosante es una forma de artritis que afecta las articulaciones de la columna vertebral y va tomando una forma severa.<\/p>\n<h3><strong>Precios de <a href=\"https:\/\/maxdinaoxyveinclinic.com\/centro-bienestar-marbella-precios\/\">Tratamientos Fibromialgia y Espondilitis Anquilosante<\/a><\/strong><\/h3>\n<h3>Electro Fibro Masaje &#8211; 30 mins 20\u20ac \/ Fibro Masaje con aceites de plantas medicinales curativas &#8211; 60 mins 50\u20ac<\/h3>\n<h3>Fibro Masaje de Oro (Especial) &#8211; 60 mins 65\u20ac\u00a0 Masaje Espondilitis Anquilosante &#8211; 60 mins 65\u20ac<\/h3>\n<\/div><div class=\"fusion-clearfix\"><\/div><\/div><\/div><div class=\"fusion-layout-column fusion_builder_column fusion-builder-column-3 fusion_builder_column_1_2 1_2 fusion-one-half fusion-column-last\" style=\"--awb-bg-size:cover;width:48%;\"><div class=\"fusion-column-wrapper fusion-flex-column-wrapper-legacy\"><div class=\"fusion-text fusion-text-5\"><p><img decoding=\"async\" class=\"alignnone size-full wp-image-12208\" src=\"https:\/\/maxdinaoxyveinclinic.com\/wp-content\/uploads\/2016\/08\/Espondilitis-Anguilosante-terapia-marbella.jpg\" alt=\"Espondilitis-Anguilosante-terapia-marbella\" width=\"718\" height=\"636\" srcset=\"https:\/\/maxdinaoxyveinclinic.com\/wp-content\/uploads\/2016\/08\/Espondilitis-Anguilosante-terapia-marbella-200x177.jpg 200w, https:\/\/maxdinaoxyveinclinic.com\/wp-content\/uploads\/2016\/08\/Espondilitis-Anguilosante-terapia-marbella-300x266.jpg 300w, https:\/\/maxdinaoxyveinclinic.com\/wp-content\/uploads\/2016\/08\/Espondilitis-Anguilosante-terapia-marbella-400x354.jpg 400w, https:\/\/maxdinaoxyveinclinic.com\/wp-content\/uploads\/2016\/08\/Espondilitis-Anguilosante-terapia-marbella-600x531.jpg 600w, https:\/\/maxdinaoxyveinclinic.com\/wp-content\/uploads\/2016\/08\/Espondilitis-Anguilosante-terapia-marbella.jpg 718w\" sizes=\"(max-width: 718px) 100vw, 718px\" \/><\/p>\n<\/div><div class=\"fusion-clearfix\"><\/div><\/div><\/div><\/div><\/div><\/p>\n","protected":false},"excerpt":{"rendered":"","protected":false},"author":1,"featured_media":0,"parent":0,"menu_order":0,"comment_status":"closed","ping_status":"closed","template":"100-width.php","meta":{"footnotes":""},"yoast_head":"<!-- This site is optimized with the Yoast SEO plugin v22.5 - https:\/\/yoast.com\/wordpress\/plugins\/seo\/ -->\n<title>Tratamientos Fibromialgia y Espondilitis Anquilosante Maxdina Marbella<\/title>\n<meta name=\"description\" content=\"Tratamientos Fibromialgia y Espondilitis Anquilosante Maxdina centro de Bienestar y Belleza en Marbella, tratamientos Fibromialgia y medicinales curativas\" \/>\n<meta name=\"robots\" content=\"index, follow, max-snippet:-1, max-image-preview:large, max-video-preview:-1\" \/>\n<link rel=\"canonical\" href=\"https:\/\/maxdinaoxyveinclinic.com\/es\/fibromialgia\/\" \/>\n<meta property=\"og:locale\" content=\"es_ES\" \/>\n<meta property=\"og:type\" content=\"article\" \/>\n<meta property=\"og:title\" content=\"Tratamientos Fibromialgia y Espondilitis Anquilosante Maxdina Marbella\" \/>\n<meta property=\"og:description\" content=\"Tratamientos Fibromialgia y Espondilitis Anquilosante Maxdina centro de Bienestar y Belleza en Marbella, tratamientos Fibromialgia y medicinales curativas\" \/>\n<meta property=\"og:url\" content=\"https:\/\/maxdinaoxyveinclinic.com\/es\/fibromialgia\/\" \/>\n<meta property=\"og:site_name\" content=\"Maxdina Oxyvein Clinic Health, Wellness and Beauty\" \/>\n<meta property=\"article:modified_time\" content=\"2024-04-09T16:08:47+00:00\" \/>\n<meta property=\"og:image\" content=\"https:\/\/maxdinaoxyveinclinic.com\/wp-content\/uploads\/2016\/08\/terapia-fibromialgia-marbella-centro-maxdina-wellness.jpg\" \/>\n<meta name=\"twitter:card\" content=\"summary_large_image\" \/>\n<meta name=\"twitter:label1\" content=\"Tiempo de lectura\" \/>\n\t<meta name=\"twitter:data1\" content=\"3 minutos\" \/>\n<script type=\"application\/ld+json\" class=\"yoast-schema-graph\">{\"@context\":\"https:\/\/schema.org\",\"@graph\":[{\"@type\":\"WebPage\",\"@id\":\"https:\/\/maxdinaoxyveinclinic.com\/es\/fibromialgia\/\",\"url\":\"https:\/\/maxdinaoxyveinclinic.com\/es\/fibromialgia\/\",\"name\":\"Tratamientos Fibromialgia y Espondilitis Anquilosante Maxdina Marbella\",\"isPartOf\":{\"@id\":\"https:\/\/maxdinaoxyveinclinic.com\/es\/#website\"},\"primaryImageOfPage\":{\"@id\":\"https:\/\/maxdinaoxyveinclinic.com\/es\/fibromialgia\/#primaryimage\"},\"image\":{\"@id\":\"https:\/\/maxdinaoxyveinclinic.com\/es\/fibromialgia\/#primaryimage\"},\"thumbnailUrl\":\"https:\/\/maxdinaoxyveinclinic.com\/wp-content\/uploads\/2016\/08\/terapia-fibromialgia-marbella-centro-maxdina-wellness.jpg\",\"datePublished\":\"2016-08-26T12:25:12+00:00\",\"dateModified\":\"2024-04-09T16:08:47+00:00\",\"description\":\"Tratamientos Fibromialgia y Espondilitis Anquilosante Maxdina centro de Bienestar y Belleza en Marbella, tratamientos Fibromialgia y medicinales curativas\",\"breadcrumb\":{\"@id\":\"https:\/\/maxdinaoxyveinclinic.com\/es\/fibromialgia\/#breadcrumb\"},\"inLanguage\":\"es\",\"potentialAction\":[{\"@type\":\"ReadAction\",\"target\":[\"https:\/\/maxdinaoxyveinclinic.com\/es\/fibromialgia\/\"]}]},{\"@type\":\"ImageObject\",\"inLanguage\":\"es\",\"@id\":\"https:\/\/maxdinaoxyveinclinic.com\/es\/fibromialgia\/#primaryimage\",\"url\":\"https:\/\/maxdinaoxyveinclinic.com\/wp-content\/uploads\/2016\/08\/terapia-fibromialgia-marbella-centro-maxdina-wellness.jpg\",\"contentUrl\":\"https:\/\/maxdinaoxyveinclinic.com\/wp-content\/uploads\/2016\/08\/terapia-fibromialgia-marbella-centro-maxdina-wellness.jpg\"},{\"@type\":\"BreadcrumbList\",\"@id\":\"https:\/\/maxdinaoxyveinclinic.com\/es\/fibromialgia\/#breadcrumb\",\"itemListElement\":[{\"@type\":\"ListItem\",\"position\":1,\"name\":\"Portada\",\"item\":\"https:\/\/maxdinaoxyveinclinic.com\/es\/\"},{\"@type\":\"ListItem\",\"position\":2,\"name\":\"Fibromialgia\"}]},{\"@type\":\"WebSite\",\"@id\":\"https:\/\/maxdinaoxyveinclinic.com\/es\/#website\",\"url\":\"https:\/\/maxdinaoxyveinclinic.com\/es\/\",\"name\":\"Maxdina Oxyvein Clinic Health, Wellness and Beauty\",\"description\":\"Centro de Bienestar y Belleza en Estepona-Marbella-Costa del SolFuengirola. Tratamientos y terapias curativas, Masajes Relajantes y terap\u00e9uticos\",\"potentialAction\":[{\"@type\":\"SearchAction\",\"target\":{\"@type\":\"EntryPoint\",\"urlTemplate\":\"https:\/\/maxdinaoxyveinclinic.com\/es\/?s={search_term_string}\"},\"query-input\":\"required name=search_term_string\"}],\"inLanguage\":\"es\"}]}<\/script>\n<!-- \/ Yoast SEO plugin. -->","yoast_head_json":{"title":"Tratamientos Fibromialgia y Espondilitis Anquilosante Maxdina Marbella","description":"Tratamientos Fibromialgia y Espondilitis Anquilosante Maxdina centro de Bienestar y Belleza en Marbella, tratamientos Fibromialgia y medicinales curativas","robots":{"index":"index","follow":"follow","max-snippet":"max-snippet:-1","max-image-preview":"max-image-preview:large","max-video-preview":"max-video-preview:-1"},"canonical":"https:\/\/maxdinaoxyveinclinic.com\/es\/fibromialgia\/","og_locale":"es_ES","og_type":"article","og_title":"Tratamientos Fibromialgia y Espondilitis Anquilosante Maxdina Marbella","og_description":"Tratamientos Fibromialgia y Espondilitis Anquilosante Maxdina centro de Bienestar y Belleza en Marbella, tratamientos Fibromialgia y medicinales curativas","og_url":"https:\/\/maxdinaoxyveinclinic.com\/es\/fibromialgia\/","og_site_name":"Maxdina Oxyvein Clinic Health, Wellness and Beauty","article_modified_time":"2024-04-09T16:08:47+00:00","og_image":[{"url":"https:\/\/maxdinaoxyveinclinic.com\/wp-content\/uploads\/2016\/08\/terapia-fibromialgia-marbella-centro-maxdina-wellness.jpg"}],"twitter_card":"summary_large_image","twitter_misc":{"Tiempo de lectura":"3 minutos"},"schema":{"@context":"https:\/\/schema.org","@graph":[{"@type":"WebPage","@id":"https:\/\/maxdinaoxyveinclinic.com\/es\/fibromialgia\/","url":"https:\/\/maxdinaoxyveinclinic.com\/es\/fibromialgia\/","name":"Tratamientos Fibromialgia y Espondilitis Anquilosante Maxdina Marbella","isPartOf":{"@id":"https:\/\/maxdinaoxyveinclinic.com\/es\/#website"},"primaryImageOfPage":{"@id":"https:\/\/maxdinaoxyveinclinic.com\/es\/fibromialgia\/#primaryimage"},"image":{"@id":"https:\/\/maxdinaoxyveinclinic.com\/es\/fibromialgia\/#primaryimage"},"thumbnailUrl":"https:\/\/maxdinaoxyveinclinic.com\/wp-content\/uploads\/2016\/08\/terapia-fibromialgia-marbella-centro-maxdina-wellness.jpg","datePublished":"2016-08-26T12:25:12+00:00","dateModified":"2024-04-09T16:08:47+00:00","description":"Tratamientos Fibromialgia y Espondilitis Anquilosante Maxdina centro de Bienestar y Belleza en Marbella, tratamientos Fibromialgia y medicinales curativas","breadcrumb":{"@id":"https:\/\/maxdinaoxyveinclinic.com\/es\/fibromialgia\/#breadcrumb"},"inLanguage":"es","potentialAction":[{"@type":"ReadAction","target":["https:\/\/maxdinaoxyveinclinic.com\/es\/fibromialgia\/"]}]},{"@type":"ImageObject","inLanguage":"es","@id":"https:\/\/maxdinaoxyveinclinic.com\/es\/fibromialgia\/#primaryimage","url":"https:\/\/maxdinaoxyveinclinic.com\/wp-content\/uploads\/2016\/08\/terapia-fibromialgia-marbella-centro-maxdina-wellness.jpg","contentUrl":"https:\/\/maxdinaoxyveinclinic.com\/wp-content\/uploads\/2016\/08\/terapia-fibromialgia-marbella-centro-maxdina-wellness.jpg"},{"@type":"BreadcrumbList","@id":"https:\/\/maxdinaoxyveinclinic.com\/es\/fibromialgia\/#breadcrumb","itemListElement":[{"@type":"ListItem","position":1,"name":"Portada","item":"https:\/\/maxdinaoxyveinclinic.com\/es\/"},{"@type":"ListItem","position":2,"name":"Fibromialgia"}]},{"@type":"WebSite","@id":"https:\/\/maxdinaoxyveinclinic.com\/es\/#website","url":"https:\/\/maxdinaoxyveinclinic.com\/es\/","name":"Maxdina Oxyvein Clinic Health, Wellness and Beauty","description":"Centro de Bienestar y Belleza en Estepona-Marbella-Costa del SolFuengirola. Tratamientos y terapias curativas, Masajes Relajantes y terap\u00e9uticos","potentialAction":[{"@type":"SearchAction","target":{"@type":"EntryPoint","urlTemplate":"https:\/\/maxdinaoxyveinclinic.com\/es\/?s={search_term_string}"},"query-input":"required name=search_term_string"}],"inLanguage":"es"}]}},"_links":{"self":[{"href":"https:\/\/maxdinaoxyveinclinic.com\/es\/wp-json\/wp\/v2\/pages\/12195"}],"collection":[{"href":"https:\/\/maxdinaoxyveinclinic.com\/es\/wp-json\/wp\/v2\/pages"}],"about":[{"href":"https:\/\/maxdinaoxyveinclinic.com\/es\/wp-json\/wp\/v2\/types\/page"}],"author":[{"embeddable":true,"href":"https:\/\/maxdinaoxyveinclinic.com\/es\/wp-json\/wp\/v2\/users\/1"}],"replies":[{"embeddable":true,"href":"https:\/\/maxdinaoxyveinclinic.com\/es\/wp-json\/wp\/v2\/comments?post=12195"}],"version-history":[{"count":34,"href":"https:\/\/maxdinaoxyveinclinic.com\/es\/wp-json\/wp\/v2\/pages\/12195\/revisions"}],"predecessor-version":[{"id":14060,"href":"https:\/\/maxdinaoxyveinclinic.com\/es\/wp-json\/wp\/v2\/pages\/12195\/revisions\/14060"}],"wp:attachment":[{"href":"https:\/\/maxdinaoxyveinclinic.com\/es\/wp-json\/wp\/v2\/media?parent=12195"}],"curies":[{"name":"wp","href":"https:\/\/api.w.org\/{rel}","templated":true}]}}