{"id":12236,"date":"2016-08-26T16:40:23","date_gmt":"2016-08-26T16:40:23","guid":{"rendered":"https:\/\/maxdinaoxyveinclinic.com\/?page_id=12236"},"modified":"2024-04-24T14:28:48","modified_gmt":"2024-04-24T12:28:48","slug":"maxdina-marbella","status":"publish","type":"page","link":"https:\/\/maxdinaoxyveinclinic.com\/es\/maxdina-marbella\/","title":{"rendered":"Maxdina Oxyvein Clinic Estepona-Marbella-Costa del Sol Bienestar y Belleza"},"content":{"rendered":"<p><div class=\"fusion-fullwidth fullwidth-box fusion-builder-row-1 hundred-percent-fullwidth non-hundred-percent-height-scrolling\" style=\"--awb-background-position:left top;--awb-border-sizes-top:0px;--awb-border-sizes-bottom:0px;--awb-border-sizes-left:0px;--awb-border-sizes-right:0px;--awb-border-radius-top-left:0px;--awb-border-radius-top-right:0px;--awb-border-radius-bottom-right:0px;--awb-border-radius-bottom-left:0px;--awb-padding-top:100px;--awb-padding-right:11.25%;--awb-padding-bottom:20px;--awb-padding-left:11.25%;--awb-flex-wrap:wrap;\" ><div class=\"fusion-builder-row fusion-row\"><div class=\"fusion-layout-column fusion_builder_column fusion-builder-column-0 fusion_builder_column_1_2 1_2 fusion-one-half fusion-column-first\" style=\"--awb-bg-blend:overlay;--awb-bg-size:cover;--awb-margin-top:40px;width:48%; margin-right: 4%;\"><div class=\"fusion-column-wrapper fusion-flex-column-wrapper-legacy\"><div class=\"fusion-text fusion-text-1\"><p><img decoding=\"async\" class=\"alignnone wp-image-13293 size-full\" src=\"https:\/\/maxdinaoxyveinclinic.com\/wp-content\/uploads\/2016\/08\/maxdina-recepcion2.jpg\" alt=\"\" width=\"650\" height=\"433\" srcset=\"https:\/\/maxdinaoxyveinclinic.com\/wp-content\/uploads\/2016\/08\/maxdina-recepcion2-200x133.jpg 200w, https:\/\/maxdinaoxyveinclinic.com\/wp-content\/uploads\/2016\/08\/maxdina-recepcion2-300x200.jpg 300w, https:\/\/maxdinaoxyveinclinic.com\/wp-content\/uploads\/2016\/08\/maxdina-recepcion2-400x266.jpg 400w, https:\/\/maxdinaoxyveinclinic.com\/wp-content\/uploads\/2016\/08\/maxdina-recepcion2-600x400.jpg 600w, https:\/\/maxdinaoxyveinclinic.com\/wp-content\/uploads\/2016\/08\/maxdina-recepcion2.jpg 650w\" sizes=\"(max-width: 650px) 100vw, 650px\" \/><\/p>\n<\/div><div class=\"fusion-clearfix\"><\/div><\/div><\/div><div class=\"fusion-layout-column fusion_builder_column fusion-builder-column-1 fusion_builder_column_1_2 1_2 fusion-one-half fusion-column-last\" style=\"--awb-bg-blend:overlay;--awb-bg-size:cover;width:48%;\"><div class=\"fusion-column-wrapper fusion-flex-column-wrapper-legacy\"><div class=\"fusion-text fusion-text-2\"><h2 class=\"fusion-responsive-typography-calculated\" style=\"--fontsize: 55; line-height: 0.8;\" data-fontsize=\"55\" data-lineheight=\"44px\">Maxdina Oxyvein Clinic<\/h2>\n<h2 class=\"fusion-responsive-typography-calculated\" style=\"--fontsize: 55; line-height: 0.8;\" data-fontsize=\"55\" data-lineheight=\"44px\">Estepona-Marbella-Costa del Sol,<\/h2>\n<h3 class=\"fusion-responsive-typography-calculated\" style=\"--fontsize: 55; line-height: 0.8;\" data-fontsize=\"55\" data-lineheight=\"44px\">Salud, Bienestar y Belleza<\/h3>\n<\/div><div class=\"fusion-text fusion-text-3\"><p>Maxdina Oxyvein Clinic Estepona-Marbella-Costa del Sol, Salud, Bienestar y Belleza ofrezco un servicio profesional y una experiencia \u00fanica. Buscando siempre la satisfacci\u00f3n a trav\u00e9s de un servicio personalizado a cada cliente.<\/p>\n<ul>\n<li>Atenci\u00f3n personalizada<\/li>\n<li>La m\u00e1s alta calidad de los productos y servicios<\/li>\n<li>Productos elaborados de plantas de cultivaci\u00f3n propia<\/li>\n<li>Especial atenci\u00f3n en las necesidades del cliente<\/li>\n<li>Consulta personalizada<\/li>\n<\/ul>\n<p>Empiece a relajarse en la comodidad de la\u00a0 <a href=\"https:\/\/maxdinaoxyveinclinic.com\/tratamientos-bienestar-de-lujo-y-belleza\/\">\u00a0Clinica de bienestar y belleza\u00a0 Maxdina Oxyvein Estepona<\/a><a href=\"https:\/\/maxdinaoxyveinclinic.com\/tratamientos-bienestar-de-lujo-y-belleza\/\"> Marbella Costa del Sol<\/a>, donde el ambiente de lujo, el cuerpo y el tratamiento de la piel fluyen, creando una mente memorable y la experiencia del cuerpo al mismo tiempo. Dise\u00f1ado y creado por Maxdina Bienestar y Belleza, el <a href=\"https:\/\/maxdinaoxyveinclinic.com\/tratamientos-bienestar-de-lujo-y-belleza\/\">centro de bienestar y belleza<\/a> ofrece un cuidado y recursos innovadores para el rejuvenecimiento f\u00edsico y de inspiraci\u00f3n.<\/p>\n<\/div><div class=\"fusion-clearfix\"><\/div><\/div><\/div><div class=\"fusion-layout-column fusion_builder_column fusion-builder-column-2 fusion_builder_column_1_1 1_1 fusion-one-full fusion-column-first fusion-column-last fusion-column-no-min-height\" style=\"--awb-bg-blend:overlay;--awb-bg-size:cover;--awb-margin-bottom:0px;\"><div class=\"fusion-column-wrapper fusion-flex-column-wrapper-legacy\"><div class=\"fusion-sep-clear\"><\/div><div class=\"fusion-separator fusion-full-width-sep\" style=\"margin-left: auto;margin-right: auto;margin-top:30px;width:100%;\"><\/div><div class=\"fusion-sep-clear\"><\/div><div class=\"fusion-sep-clear\"><\/div><div class=\"fusion-separator fusion-full-width-sep\" style=\"margin-left: auto;margin-right: auto;margin-top:30px;width:100%;\"><\/div><div class=\"fusion-sep-clear\"><\/div><div class=\"fusion-clearfix\"><\/div><\/div><\/div><\/div><\/div><div class=\"fusion-fullwidth fullwidth-box fusion-builder-row-2 fusion-parallax-fixed nonhundred-percent-fullwidth non-hundred-percent-height-scrolling\" style=\"--awb-background-position:left top;--awb-border-sizes-top:0px;--awb-border-sizes-bottom:0px;--awb-border-sizes-left:0px;--awb-border-sizes-right:0px;--awb-border-radius-top-left:0px;--awb-border-radius-top-right:0px;--awb-border-radius-bottom-right:0px;--awb-border-radius-bottom-left:0px;--awb-padding-top:55px;--awb-padding-bottom:40px;--awb-background-color:#f2f2f2;--awb-background-image:url(&quot;https:\/\/maxdinaoxyveinclinic.com\/wp-content\/uploads\/2016\/08\/massage-masaje-marbella-maxdinawellness.jpg&quot;);--awb-background-size:cover;--awb-flex-wrap:wrap;background-attachment:fixed;\" ><div class=\"fusion-builder-row fusion-row\"><div class=\"fusion-layout-column fusion_builder_column fusion-builder-column-3 fusion_builder_column_1_1 1_1 fusion-one-full fusion-column-first fusion-column-last fusion-column-no-min-height\" style=\"--awb-bg-blend:overlay;--awb-bg-size:cover;--awb-margin-bottom:0px;\"><div class=\"fusion-column-wrapper fusion-flex-column-wrapper-legacy\"><div class=\"fusion-sep-clear\"><\/div><div class=\"fusion-separator fusion-full-width-sep\" style=\"margin-left: auto;margin-right: auto;margin-top:120px;width:100%;\"><\/div><div class=\"fusion-sep-clear\"><\/div><div class=\"fusion-text fusion-text-4\"><h2 style=\"text-align: center;\"><span style=\"color: #c67c3c;\">Una experiencia que te dejar\u00e1 con una sensaci\u00f3n \u00fanica de tranquilidad y equilibrio.<\/span><br \/>\n<span style=\"color: #c67c3c;\"> Maxdina centro de Salud, Bienestar y Belleza en Estepona-Marbella-Costa del Sol<\/span><\/h2>\n<\/div><div class=\"fusion-sep-clear\"><\/div><div class=\"fusion-separator fusion-full-width-sep\" style=\"margin-left: auto;margin-right: auto;margin-top:120px;width:100%;\"><\/div><div class=\"fusion-sep-clear\"><\/div><div class=\"fusion-clearfix\"><\/div><\/div><\/div><\/div><\/div><div class=\"fusion-fullwidth fullwidth-box fusion-builder-row-3 hundred-percent-fullwidth non-hundred-percent-height-scrolling\" style=\"--awb-background-position:left top;--awb-border-sizes-top:0px;--awb-border-sizes-bottom:0px;--awb-border-sizes-left:0px;--awb-border-sizes-right:0px;--awb-border-radius-top-left:0px;--awb-border-radius-top-right:0px;--awb-border-radius-bottom-right:0px;--awb-border-radius-bottom-left:0px;--awb-padding-top:100px;--awb-padding-right:11.25%;--awb-padding-bottom:20px;--awb-padding-left:11.25%;--awb-flex-wrap:wrap;\" ><div class=\"fusion-builder-row fusion-row\"><div class=\"fusion-layout-column fusion_builder_column fusion-builder-column-4 fusion_builder_column_1_2 1_2 fusion-one-half fusion-column-first\" style=\"--awb-bg-blend:overlay;--awb-bg-size:cover;width:48%; margin-right: 4%;\"><div class=\"fusion-column-wrapper fusion-flex-column-wrapper-legacy\"><div class=\"fusion-text fusion-text-5\"><h2 class=\"fusion-responsive-typography-calculated\" style=\"--fontsize: 32; line-height: 1;\" data-fontsize=\"32\" data-lineheight=\"32px\"><a href=\"https:\/\/maxdinaoxyveinclinic.com\/tratamientos-bienestar-de-lujo-y-belleza\/\">Maxdina Oxyvein Clinic <\/a><\/h2>\n<h2 class=\"fusion-responsive-typography-calculated\" style=\"--fontsize: 32; line-height: 1;\" data-fontsize=\"32\" data-lineheight=\"32px\"><a href=\"https:\/\/maxdinaoxyveinclinic.com\/tratamientos-bienestar-de-lujo-y-belleza\/\">Estepona-Marbella-Costa del Sol<\/a><\/h2>\n<h2 class=\"fusion-responsive-typography-calculated\" style=\"--fontsize: 32; line-height: 1;\" data-fontsize=\"32\" data-lineheight=\"32px\"><a href=\"https:\/\/maxdinaoxyveinclinic.com\/tratamientos-bienestar-de-lujo-y-belleza\/\"> Bienestar y Belleza <\/a><\/h2>\n<p>Como propietaria y fundadora de <a href=\"https:\/\/maxdinaoxyveinclinic.com\/tratamientos-bienestar-de-lujo-y-belleza\/\">Maxdina Oxyvein Clinic bienestar y belleza<\/a>. Con m\u00e1s de 40 a\u00f1os de experiencia, he sido durante a\u00f1os empleada en varios centros de belleza y Spa, conocidos en Espa\u00f1a y Alemania, como Steigenberger, en (Gran Canaria), Hotel Barcel\u00f3, Las Margaritas en Maspalomas (Las palmas de G.C.), como propietaria y fundadora. Despu\u00e9s realic\u00e9 mi labor profesional en el Hotel Kempinski de Estepona.<\/p>\n<p>En 2006 cre\u00e9 mi propio negocio, llamado <a href=\"https:\/\/maxdinaoxyveinclinic.com\/tratamientos-bienestar-de-lujo-y-belleza\/\">Maxdina Oxyvein Clinic bienestar y belleza<\/a>\u00ab.<\/p>\n<p>Mi filosof\u00eda de hacer sentir al paciente satisfecho con los tratamientos ofrecidos, se acent\u00faa al querer dar la mejor calidad en ellos. Por ello ofrezco productos naturales, tales como los aceites y b\u00e1lsamos que creo gracias a la cultivaci\u00f3n propia de diferentes plantas y hierbas.<\/p>\n<p>Para facilitar la comunicaci\u00f3n con los pacientes hablo Espa\u00f1ol, Italiano e Ingl\u00e9s. Tambi\u00e9n puedo conversar en Alem\u00e1n.<\/p>\n<p>\u00a1Espero verle pronto!<\/p>\n<h2 class=\"fusion-responsive-typography-calculated\" style=\"--fontsize: 32; line-height: 1;\" data-fontsize=\"32\" data-lineheight=\"32px\">Nuestras Pol\u00edticas<\/h2>\n<p>Llegar 15 minutos antes de su primera cita le dar\u00e1 tiempo para completar el trabajo de papel y empezar a trabajar en el tiempo. Todos los servicios deben terminar a tiempo para asegurar que los pacientes reciben un servicio completo. Las citas no se puede garantizar para las llegadas tardes.<\/p>\n<p>Cancelaciones: Por favor inf\u00f3rmenos de la cancelaci\u00f3n 24 horas antes de su cita.<\/p>\n<p>Pago por Servicios: Damos la bienvenida a todas las formas de pago con la debida identificaci\u00f3n.<\/p>\n<p>No habr\u00e1 reembolsos por certificados de regalo, servicios o productos.<\/p>\n<p>Por favor, tenga en cuenta que el centro es un ambiente libre de humos. Por favor, mant\u00e9nganse en silencio y apaguen sus tel\u00e9fonos.<\/p>\n<\/div><div class=\"fusion-clearfix\"><\/div><\/div><\/div><div class=\"fusion-layout-column fusion_builder_column fusion-builder-column-5 fusion_builder_column_1_2 1_2 fusion-one-half fusion-column-last\" style=\"--awb-bg-blend:overlay;--awb-bg-size:cover;width:48%;\"><div class=\"fusion-column-wrapper fusion-flex-column-wrapper-legacy\"><div class=\"fusion-text fusion-text-6\"><p><img decoding=\"async\" class=\"alignnone wp-image-13295 size-full\" src=\"https:\/\/maxdinaoxyveinclinic.com\/wp-content\/uploads\/2016\/08\/recepcion-frente.jpg\" alt=\"Maxdina Marbella Centro de Bienestar y Belleza \" width=\"650\" height=\"433\" srcset=\"https:\/\/maxdinaoxyveinclinic.com\/wp-content\/uploads\/2016\/08\/recepcion-frente-200x133.jpg 200w, https:\/\/maxdinaoxyveinclinic.com\/wp-content\/uploads\/2016\/08\/recepcion-frente-300x200.jpg 300w, https:\/\/maxdinaoxyveinclinic.com\/wp-content\/uploads\/2016\/08\/recepcion-frente-400x266.jpg 400w, https:\/\/maxdinaoxyveinclinic.com\/wp-content\/uploads\/2016\/08\/recepcion-frente-600x400.jpg 600w, https:\/\/maxdinaoxyveinclinic.com\/wp-content\/uploads\/2016\/08\/recepcion-frente.jpg 650w\" sizes=\"(max-width: 650px) 100vw, 650px\" \/><\/p>\n<\/div><div class=\"fusion-text fusion-text-7\"><h2>\u00a1Solo con Cita Previa!<\/h2>\n<h2 style=\"font-size: 28px;\"><span style=\"color: #c67c3c;\"><strong>WhatsApp: <\/strong><\/span><a href=\"https:\/\/wa.me\/+34667547867\"><span style=\"color: #c67c3c;\"><strong>(+34) <\/strong><\/span><b> 667 547 867<\/b><\/a><b><\/b><\/h2>\n<h2 style=\"font-size: 28px;\"><span style=\"color: #c67c3c;\"><strong>Movil: <a href=\"tel:+34667547867\">(+34) 667 547 867<\/a><\/strong><\/span><\/h2>\n<h2 style=\"font-size: 28px;\"><span style=\"color: #c67c3c;\"><strong>Tel: <a href=\"tel:+34951026106\">(+34) 951 02 61 06<\/a><\/strong><\/span><\/h2>\n<h2><span style=\"color: #c67c3c;\"><strong>email: <a href=\"mailto:info@maxdinaoxyveinclinic.com\">info@maxdinaoxyveinclinic.com<\/a><\/strong><\/span><\/h2>\n<h2><span style=\"color: #c67c3c;\"><strong> <a href=\"mailto:maxdinawellness@gmail.com\">maxdinawellness@gmail.com<\/a><\/strong><\/span><\/h2>\n<h3>Abierto las 9.00 hasta las 18.00 hrs. Domingo cerrado*.<\/h3>\n<p>*Los domingos abrimos exclusivamente para ti con reservas de una semana de antelaci\u00f3n, y pago anticipado! para mas datos contactar con Maxdina (Anadina Mu\u00f1oz Tatis)<\/p>\n<\/div><div class=\"fusion-clearfix\"><\/div><\/div><\/div><\/div><\/div><\/p>\n","protected":false},"excerpt":{"rendered":"","protected":false},"author":1,"featured_media":0,"parent":0,"menu_order":0,"comment_status":"closed","ping_status":"closed","template":"100-width.php","meta":{"footnotes":""},"yoast_head":"<!-- This site is optimized with the Yoast SEO plugin v22.5 - https:\/\/yoast.com\/wordpress\/plugins\/seo\/ -->\n<title>Maxdina Marbella Centro de Bienestar y Belleza. Tratamientos terapias curativas<\/title>\n<meta name=\"description\" content=\"Maxdina Marbella Centro de bienestar y belleza. Tratamientos y terapias curativas, Masajes Relajantes y terap\u00e9uticos. Manicure y Pedicure\" \/>\n<meta name=\"robots\" content=\"index, follow, max-snippet:-1, max-image-preview:large, max-video-preview:-1\" \/>\n<link rel=\"canonical\" href=\"https:\/\/maxdinaoxyveinclinic.com\/es\/maxdina-marbella\/\" \/>\n<meta property=\"og:locale\" content=\"es_ES\" \/>\n<meta property=\"og:type\" content=\"article\" \/>\n<meta property=\"og:title\" content=\"Maxdina Marbella Centro de Bienestar y Belleza. Tratamientos terapias curativas\" \/>\n<meta property=\"og:description\" content=\"Maxdina Marbella Centro de bienestar y belleza. Tratamientos y terapias curativas, Masajes Relajantes y terap\u00e9uticos. Manicure y Pedicure\" \/>\n<meta property=\"og:url\" content=\"https:\/\/maxdinaoxyveinclinic.com\/es\/maxdina-marbella\/\" \/>\n<meta property=\"og:site_name\" content=\"Maxdina Oxyvein Clinic Health, Wellness and Beauty\" \/>\n<meta property=\"article:modified_time\" content=\"2024-04-24T12:28:48+00:00\" \/>\n<meta property=\"og:image\" content=\"https:\/\/maxdinaoxyveinclinic.com\/wp-content\/uploads\/2016\/08\/maxdina-recepcion2.jpg\" \/>\n<meta name=\"twitter:card\" content=\"summary_large_image\" \/>\n<meta name=\"twitter:label1\" content=\"Tiempo de lectura\" \/>\n\t<meta name=\"twitter:data1\" content=\"3 minutos\" \/>\n<script type=\"application\/ld+json\" class=\"yoast-schema-graph\">{\"@context\":\"https:\/\/schema.org\",\"@graph\":[{\"@type\":\"WebPage\",\"@id\":\"https:\/\/maxdinaoxyveinclinic.com\/es\/maxdina-marbella\/\",\"url\":\"https:\/\/maxdinaoxyveinclinic.com\/es\/maxdina-marbella\/\",\"name\":\"Maxdina Marbella Centro de Bienestar y Belleza. Tratamientos terapias curativas\",\"isPartOf\":{\"@id\":\"https:\/\/maxdinaoxyveinclinic.com\/es\/#website\"},\"primaryImageOfPage\":{\"@id\":\"https:\/\/maxdinaoxyveinclinic.com\/es\/maxdina-marbella\/#primaryimage\"},\"image\":{\"@id\":\"https:\/\/maxdinaoxyveinclinic.com\/es\/maxdina-marbella\/#primaryimage\"},\"thumbnailUrl\":\"https:\/\/maxdinaoxyveinclinic.com\/wp-content\/uploads\/2016\/08\/maxdina-recepcion2.jpg\",\"datePublished\":\"2016-08-26T16:40:23+00:00\",\"dateModified\":\"2024-04-24T12:28:48+00:00\",\"description\":\"Maxdina Marbella Centro de bienestar y belleza. Tratamientos y terapias curativas, Masajes Relajantes y terap\u00e9uticos. Manicure y Pedicure\",\"breadcrumb\":{\"@id\":\"https:\/\/maxdinaoxyveinclinic.com\/es\/maxdina-marbella\/#breadcrumb\"},\"inLanguage\":\"es\",\"potentialAction\":[{\"@type\":\"ReadAction\",\"target\":[\"https:\/\/maxdinaoxyveinclinic.com\/es\/maxdina-marbella\/\"]}]},{\"@type\":\"ImageObject\",\"inLanguage\":\"es\",\"@id\":\"https:\/\/maxdinaoxyveinclinic.com\/es\/maxdina-marbella\/#primaryimage\",\"url\":\"https:\/\/maxdinaoxyveinclinic.com\/wp-content\/uploads\/2016\/08\/maxdina-recepcion2.jpg\",\"contentUrl\":\"https:\/\/maxdinaoxyveinclinic.com\/wp-content\/uploads\/2016\/08\/maxdina-recepcion2.jpg\"},{\"@type\":\"BreadcrumbList\",\"@id\":\"https:\/\/maxdinaoxyveinclinic.com\/es\/maxdina-marbella\/#breadcrumb\",\"itemListElement\":[{\"@type\":\"ListItem\",\"position\":1,\"name\":\"Portada\",\"item\":\"https:\/\/maxdinaoxyveinclinic.com\/es\/\"},{\"@type\":\"ListItem\",\"position\":2,\"name\":\"Maxdina Oxyvein Clinic Estepona-Marbella-Costa del Sol Bienestar y Belleza\"}]},{\"@type\":\"WebSite\",\"@id\":\"https:\/\/maxdinaoxyveinclinic.com\/es\/#website\",\"url\":\"https:\/\/maxdinaoxyveinclinic.com\/es\/\",\"name\":\"Maxdina Oxyvein Clinic Health, Wellness and Beauty\",\"description\":\"Centro de Bienestar y Belleza en Estepona-Marbella-Costa del SolFuengirola. Tratamientos y terapias curativas, Masajes Relajantes y terap\u00e9uticos\",\"potentialAction\":[{\"@type\":\"SearchAction\",\"target\":{\"@type\":\"EntryPoint\",\"urlTemplate\":\"https:\/\/maxdinaoxyveinclinic.com\/es\/?s={search_term_string}\"},\"query-input\":\"required name=search_term_string\"}],\"inLanguage\":\"es\"}]}<\/script>\n<!-- \/ Yoast SEO plugin. -->","yoast_head_json":{"title":"Maxdina Marbella Centro de Bienestar y Belleza. Tratamientos terapias curativas","description":"Maxdina Marbella Centro de bienestar y belleza. Tratamientos y terapias curativas, Masajes Relajantes y terap\u00e9uticos. Manicure y Pedicure","robots":{"index":"index","follow":"follow","max-snippet":"max-snippet:-1","max-image-preview":"max-image-preview:large","max-video-preview":"max-video-preview:-1"},"canonical":"https:\/\/maxdinaoxyveinclinic.com\/es\/maxdina-marbella\/","og_locale":"es_ES","og_type":"article","og_title":"Maxdina Marbella Centro de Bienestar y Belleza. Tratamientos terapias curativas","og_description":"Maxdina Marbella Centro de bienestar y belleza. Tratamientos y terapias curativas, Masajes Relajantes y terap\u00e9uticos. Manicure y Pedicure","og_url":"https:\/\/maxdinaoxyveinclinic.com\/es\/maxdina-marbella\/","og_site_name":"Maxdina Oxyvein Clinic Health, Wellness and Beauty","article_modified_time":"2024-04-24T12:28:48+00:00","og_image":[{"url":"https:\/\/maxdinaoxyveinclinic.com\/wp-content\/uploads\/2016\/08\/maxdina-recepcion2.jpg"}],"twitter_card":"summary_large_image","twitter_misc":{"Tiempo de lectura":"3 minutos"},"schema":{"@context":"https:\/\/schema.org","@graph":[{"@type":"WebPage","@id":"https:\/\/maxdinaoxyveinclinic.com\/es\/maxdina-marbella\/","url":"https:\/\/maxdinaoxyveinclinic.com\/es\/maxdina-marbella\/","name":"Maxdina Marbella Centro de Bienestar y Belleza. Tratamientos terapias curativas","isPartOf":{"@id":"https:\/\/maxdinaoxyveinclinic.com\/es\/#website"},"primaryImageOfPage":{"@id":"https:\/\/maxdinaoxyveinclinic.com\/es\/maxdina-marbella\/#primaryimage"},"image":{"@id":"https:\/\/maxdinaoxyveinclinic.com\/es\/maxdina-marbella\/#primaryimage"},"thumbnailUrl":"https:\/\/maxdinaoxyveinclinic.com\/wp-content\/uploads\/2016\/08\/maxdina-recepcion2.jpg","datePublished":"2016-08-26T16:40:23+00:00","dateModified":"2024-04-24T12:28:48+00:00","description":"Maxdina Marbella Centro de bienestar y belleza. Tratamientos y terapias curativas, Masajes Relajantes y terap\u00e9uticos. Manicure y Pedicure","breadcrumb":{"@id":"https:\/\/maxdinaoxyveinclinic.com\/es\/maxdina-marbella\/#breadcrumb"},"inLanguage":"es","potentialAction":[{"@type":"ReadAction","target":["https:\/\/maxdinaoxyveinclinic.com\/es\/maxdina-marbella\/"]}]},{"@type":"ImageObject","inLanguage":"es","@id":"https:\/\/maxdinaoxyveinclinic.com\/es\/maxdina-marbella\/#primaryimage","url":"https:\/\/maxdinaoxyveinclinic.com\/wp-content\/uploads\/2016\/08\/maxdina-recepcion2.jpg","contentUrl":"https:\/\/maxdinaoxyveinclinic.com\/wp-content\/uploads\/2016\/08\/maxdina-recepcion2.jpg"},{"@type":"BreadcrumbList","@id":"https:\/\/maxdinaoxyveinclinic.com\/es\/maxdina-marbella\/#breadcrumb","itemListElement":[{"@type":"ListItem","position":1,"name":"Portada","item":"https:\/\/maxdinaoxyveinclinic.com\/es\/"},{"@type":"ListItem","position":2,"name":"Maxdina Oxyvein Clinic Estepona-Marbella-Costa del Sol Bienestar y Belleza"}]},{"@type":"WebSite","@id":"https:\/\/maxdinaoxyveinclinic.com\/es\/#website","url":"https:\/\/maxdinaoxyveinclinic.com\/es\/","name":"Maxdina Oxyvein Clinic Health, Wellness and Beauty","description":"Centro de Bienestar y Belleza en Estepona-Marbella-Costa del SolFuengirola. Tratamientos y terapias curativas, Masajes Relajantes y terap\u00e9uticos","potentialAction":[{"@type":"SearchAction","target":{"@type":"EntryPoint","urlTemplate":"https:\/\/maxdinaoxyveinclinic.com\/es\/?s={search_term_string}"},"query-input":"required name=search_term_string"}],"inLanguage":"es"}]}},"_links":{"self":[{"href":"https:\/\/maxdinaoxyveinclinic.com\/es\/wp-json\/wp\/v2\/pages\/12236"}],"collection":[{"href":"https:\/\/maxdinaoxyveinclinic.com\/es\/wp-json\/wp\/v2\/pages"}],"about":[{"href":"https:\/\/maxdinaoxyveinclinic.com\/es\/wp-json\/wp\/v2\/types\/page"}],"author":[{"embeddable":true,"href":"https:\/\/maxdinaoxyveinclinic.com\/es\/wp-json\/wp\/v2\/users\/1"}],"replies":[{"embeddable":true,"href":"https:\/\/maxdinaoxyveinclinic.com\/es\/wp-json\/wp\/v2\/comments?post=12236"}],"version-history":[{"count":66,"href":"https:\/\/maxdinaoxyveinclinic.com\/es\/wp-json\/wp\/v2\/pages\/12236\/revisions"}],"predecessor-version":[{"id":14199,"href":"https:\/\/maxdinaoxyveinclinic.com\/es\/wp-json\/wp\/v2\/pages\/12236\/revisions\/14199"}],"wp:attachment":[{"href":"https:\/\/maxdinaoxyveinclinic.com\/es\/wp-json\/wp\/v2\/media?parent=12236"}],"curies":[{"name":"wp","href":"https:\/\/api.w.org\/{rel}","templated":true}]}}