{"id":12341,"date":"2016-08-27T11:15:23","date_gmt":"2016-08-27T11:15:23","guid":{"rendered":"https:\/\/maxdinaoxyveinclinic.com\/?page_id=12341"},"modified":"2024-04-16T23:33:42","modified_gmt":"2024-04-16T21:33:42","slug":"tratamientos-bienestar-de-lujo-y-belleza","status":"publish","type":"page","link":"https:\/\/maxdinaoxyveinclinic.com\/es\/tratamientos-bienestar-de-lujo-y-belleza\/","title":{"rendered":"Tratamientos Bienestar de Lujo y Belleza"},"content":{"rendered":"<p><div class=\"fusion-fullwidth fullwidth-box fusion-builder-row-1 hundred-percent-fullwidth non-hundred-percent-height-scrolling\" style=\"--awb-background-position:left top;--awb-border-sizes-top:0px;--awb-border-sizes-bottom:0px;--awb-border-sizes-left:0px;--awb-border-sizes-right:0px;--awb-border-radius-top-left:0px;--awb-border-radius-top-right:0px;--awb-border-radius-bottom-right:0px;--awb-border-radius-bottom-left:0px;--awb-padding-top:100px;--awb-padding-right:11.25%;--awb-padding-bottom:20px;--awb-padding-left:11.25%;--awb-flex-wrap:wrap;\" ><div class=\"fusion-builder-row fusion-row\"><div class=\"fusion-layout-column fusion_builder_column fusion-builder-column-0 fusion_builder_column_1_2 1_2 fusion-one-half fusion-column-first\" style=\"--awb-bg-size:cover;width:48%; margin-right: 4%;\"><div class=\"fusion-column-wrapper fusion-flex-column-wrapper-legacy\"><div class=\"fusion-text fusion-text-1\"><h3><strong>Terapia Rasul<\/strong><\/h3>\n<\/div><div class=\"fusion-text fusion-text-2\"><p>El mantenimiento de los lodos en el caso Rasul estaban ya en la antig\u00fcedad (siglo 9 aC) utilizados para el tratamiento de la enfermedad. La Tierra en si, es la curaci\u00f3n probablemente m\u00e1s antigua del mundo, teniendo en cuenta que los lodos naturales e historia tradicional en el mundo han servido durante todo este tiempo para el cuidado del cuerpo. Las propiedades permiten que cualquier tipo de piel y bajo diferentes condiciones, mantengan a la piel un cuidado coordinado. Se trata de una desintoxicaci\u00f3n intensiva (peeling cosm\u00e9tico de la piel), con la que se consigue una piel suave como el terciopelo. El efecto se amplifica con un ba\u00f1o de vapor herbal. Para Rasul y es un tratamiento especialmente recomentado inmediatamente despu\u00e9s del sol. Sirve para la absorci\u00f3n de la mezcla de aceite y debe ser en un per\u00edodo de descanso de 20 minutos a la aplicacion que se a cumplir.<\/p>\n<p><img decoding=\"async\" class=\"alignnone wp-image-12353 size-full\" title=\"Bienestar de Lujo marbella\" src=\"https:\/\/maxdinaoxyveinclinic.com\/wp-content\/uploads\/2016\/08\/Terapia-Rasul-mud-treatment-maxdinawellness-marbella-1.jpg\" alt=\"Bienestar de Lujo Terapia-Rasul-mud-treatment-maxdinawellness-marbella\" width=\"600\" height=\"299\" srcset=\"https:\/\/maxdinaoxyveinclinic.com\/wp-content\/uploads\/2016\/08\/Terapia-Rasul-mud-treatment-maxdinawellness-marbella-1-200x100.jpg 200w, https:\/\/maxdinaoxyveinclinic.com\/wp-content\/uploads\/2016\/08\/Terapia-Rasul-mud-treatment-maxdinawellness-marbella-1-300x150.jpg 300w, https:\/\/maxdinaoxyveinclinic.com\/wp-content\/uploads\/2016\/08\/Terapia-Rasul-mud-treatment-maxdinawellness-marbella-1-400x199.jpg 400w, https:\/\/maxdinaoxyveinclinic.com\/wp-content\/uploads\/2016\/08\/Terapia-Rasul-mud-treatment-maxdinawellness-marbella-1.jpg 600w\" sizes=\"(max-width: 600px) 100vw, 600px\" \/><\/p>\n<h3>Terapia Rasul &#8211; 30 minutos 39\u20ac\/terapia combinada 30 minutos 70\u20ac<\/h3>\n<\/div><div class=\"fusion-clearfix\"><\/div><\/div><\/div><div class=\"fusion-layout-column fusion_builder_column fusion-builder-column-1 fusion_builder_column_1_2 1_2 fusion-one-half fusion-column-last\" style=\"--awb-bg-size:cover;width:48%;\"><div class=\"fusion-column-wrapper fusion-flex-column-wrapper-legacy\"><div class=\"fusion-text fusion-text-3\"><h3><strong>Terapia Cleopatra<\/strong><\/h3>\n<\/div><div class=\"fusion-text fusion-text-4\"><p>Desde el antiguo Egipto sol\u00eda ser relajante y sano la interacci\u00f3n entre la leche y los aceites. Para el ba\u00f1o de Cleopatra se utiliz\u00f3 este tipo de atenci\u00f3n para su belleza y la regeneraci\u00f3n de la piel, el ba\u00f1o de Cleopatra es de fama mundial. El uso de la leche en un ba\u00f1o de aceite en forma concentrada que ha prevalecido en los \u00faltimos a\u00f1os como una terapia con \u00e9xito. Una mezcla de aceites naturales y arom\u00e1ticos en cada caso de forma individual, preparadas y mezcladas con leche fresca. Nuestra piel est\u00e1 expuesta a importantes impactos ambientales, como el contacto del cuerpo. Las mezclas de aceite pueden ganar garant\u00edas en el ba\u00f1o alcanzando profundidades diversas y diferentes niveles en las capas de la piel. El ba\u00f1o \u00abCleopatra\u00bb, se aplica en una tina, especialmente desarrollando una relajaci\u00f3n larga, es un tratamiento excelente.<\/p>\n<p><img decoding=\"async\" class=\"alignnone wp-image-12759 size-full\" title=\"Bienestar de Lujo Marbella\" src=\"https:\/\/maxdinaoxyveinclinic.com\/wp-content\/uploads\/2016\/08\/Terapia-Cleopatra-maxdina-wellness-centro-bienestar-marbella-1.jpg\" alt=\"Bienestar de Lujo Terapia-Cleopatra-maxdina-wellness-centro-bienestar-marbella\" width=\"600\" height=\"299\" srcset=\"https:\/\/maxdinaoxyveinclinic.com\/wp-content\/uploads\/2016\/08\/Terapia-Cleopatra-maxdina-wellness-centro-bienestar-marbella-1-200x100.jpg 200w, https:\/\/maxdinaoxyveinclinic.com\/wp-content\/uploads\/2016\/08\/Terapia-Cleopatra-maxdina-wellness-centro-bienestar-marbella-1-300x150.jpg 300w, https:\/\/maxdinaoxyveinclinic.com\/wp-content\/uploads\/2016\/08\/Terapia-Cleopatra-maxdina-wellness-centro-bienestar-marbella-1-400x199.jpg 400w, https:\/\/maxdinaoxyveinclinic.com\/wp-content\/uploads\/2016\/08\/Terapia-Cleopatra-maxdina-wellness-centro-bienestar-marbella-1.jpg 600w\" sizes=\"(max-width: 600px) 100vw, 600px\" \/><\/p>\n<h3>Terapia Cleopatra &#8211; 30 minutos 39\u20ac<\/h3>\n<\/div><div class=\"fusion-clearfix\"><\/div><\/div><\/div><\/div><\/div><div class=\"fusion-fullwidth fullwidth-box fusion-builder-row-2 hundred-percent-fullwidth non-hundred-percent-height-scrolling\" style=\"--awb-background-position:left top;--awb-border-sizes-top:0px;--awb-border-sizes-bottom:0px;--awb-border-sizes-left:0px;--awb-border-sizes-right:0px;--awb-border-radius-top-left:0px;--awb-border-radius-top-right:0px;--awb-border-radius-bottom-right:0px;--awb-border-radius-bottom-left:0px;--awb-padding-top:30px;--awb-padding-right:11.25%;--awb-padding-bottom:20px;--awb-padding-left:11.25%;--awb-flex-wrap:wrap;\" ><div class=\"fusion-builder-row fusion-row\"><div class=\"fusion-layout-column fusion_builder_column fusion-builder-column-2 fusion_builder_column_1_2 1_2 fusion-one-half fusion-column-first\" style=\"--awb-bg-size:cover;width:48%; margin-right: 4%;\"><div class=\"fusion-column-wrapper fusion-flex-column-wrapper-legacy\"><div class=\"fusion-text fusion-text-5\"><h3><strong>Terapia Aloe Vera<\/strong><\/h3>\n<\/div><div class=\"fusion-text fusion-text-6\"><p>El aloe vera contiene m\u00e1s de 70 ingredientes necesarios y m\u00e1s de 200 elementos biol\u00f3gicamente activos. Incluyendo minerales, enzimas, polisac\u00e1ridos, vitaminas, estimuladores biol\u00f3gicos de amino\u00e1cidos y prote\u00ednas. Ofrece un alivio terap\u00e9utico sobre la piel irritada y quemada. \u00a0Los beneficios del Aloe Vera Gel puede ser acreditados a sus muchos nutrientes como los carbohidratos, vitaminas (C, \u00e1cido f\u00f3lico, B1, B2, B3 y B6), calcio, magnesio, manganeso, zinc y cobre.<\/p>\n<p><img decoding=\"async\" class=\"alignnone wp-image-12368 size-full\" title=\"Bienestar de Lujo Marbella\" src=\"https:\/\/maxdinaoxyveinclinic.com\/wp-content\/uploads\/2016\/08\/Terapia-Aloe-Vera-maxdina-centor-bienestar-marbella.jpg\" alt=\"Bienestar de Lujo Terapia-Aloe-Vera-maxdina-centor-bienestar-marbella\" width=\"600\" height=\"299\" srcset=\"https:\/\/maxdinaoxyveinclinic.com\/wp-content\/uploads\/2016\/08\/Terapia-Aloe-Vera-maxdina-centor-bienestar-marbella-200x100.jpg 200w, https:\/\/maxdinaoxyveinclinic.com\/wp-content\/uploads\/2016\/08\/Terapia-Aloe-Vera-maxdina-centor-bienestar-marbella-300x150.jpg 300w, https:\/\/maxdinaoxyveinclinic.com\/wp-content\/uploads\/2016\/08\/Terapia-Aloe-Vera-maxdina-centor-bienestar-marbella-400x199.jpg 400w, https:\/\/maxdinaoxyveinclinic.com\/wp-content\/uploads\/2016\/08\/Terapia-Aloe-Vera-maxdina-centor-bienestar-marbella.jpg 600w\" sizes=\"(max-width: 600px) 100vw, 600px\" \/><\/p>\n<h3>Terapia Aloe Vera &#8211; 30 minutos 29\u20ac\/60 minutos 58\u20ac<\/h3>\n<\/div><div class=\"fusion-clearfix\"><\/div><\/div><\/div><div class=\"fusion-layout-column fusion_builder_column fusion-builder-column-3 fusion_builder_column_1_2 1_2 fusion-one-half fusion-column-last\" style=\"--awb-bg-size:cover;width:48%;\"><div class=\"fusion-column-wrapper fusion-flex-column-wrapper-legacy\"><div class=\"fusion-text fusion-text-7\"><h3><strong>Terapia hierbas curativas<\/strong><\/h3>\n<\/div><div class=\"fusion-text fusion-text-8\"><p>Con hierbas y un secreto espiritual (tratamiento especial), d\u00e9jate llevar por el poder curativo de <a href=\"https:\/\/maxdinaoxyveinclinic.com\/centro-de-bienestar-y-belleza-marbella\/\">Maxdina Oxyvein Clinic Salud, Bienestar y Belleza Estepona-Marbella-Costa del Sol<\/a>. La finalidad de la medicina herbaria consiste en estimular los procesos regenerativos del cuerpo, en ocasiones denominados homeostasis. Y restablecer un equilibrio fisiol\u00f3gico saludable mediante el empleo de remedios. Elaborados en el contexto de una c\u00e9lula viva y suministrados como un conjunto biodin\u00e1mico.<\/p>\n<p><img decoding=\"async\" class=\"alignnone wp-image-13240\" src=\"https:\/\/maxdinaoxyveinclinic.com\/wp-content\/uploads\/2016\/08\/WEB-hierbas.jpg\" alt=\"\" width=\"600\" height=\"299\" srcset=\"https:\/\/maxdinaoxyveinclinic.com\/wp-content\/uploads\/2016\/08\/WEB-hierbas-200x100.jpg 200w, https:\/\/maxdinaoxyveinclinic.com\/wp-content\/uploads\/2016\/08\/WEB-hierbas-300x149.jpg 300w, https:\/\/maxdinaoxyveinclinic.com\/wp-content\/uploads\/2016\/08\/WEB-hierbas-400x199.jpg 400w, https:\/\/maxdinaoxyveinclinic.com\/wp-content\/uploads\/2016\/08\/WEB-hierbas-600x299.jpg 600w, https:\/\/maxdinaoxyveinclinic.com\/wp-content\/uploads\/2016\/08\/WEB-hierbas-768x383.jpg 768w, https:\/\/maxdinaoxyveinclinic.com\/wp-content\/uploads\/2016\/08\/WEB-hierbas-800x399.jpg 800w, https:\/\/maxdinaoxyveinclinic.com\/wp-content\/uploads\/2016\/08\/WEB-hierbas-1024x510.jpg 1024w, https:\/\/maxdinaoxyveinclinic.com\/wp-content\/uploads\/2016\/08\/WEB-hierbas-1200x598.jpg 1200w, https:\/\/maxdinaoxyveinclinic.com\/wp-content\/uploads\/2016\/08\/WEB-hierbas.jpg 3079w\" sizes=\"(max-width: 600px) 100vw, 600px\" \/><\/p>\n<h3>Curativa hierbas medicinales &#8211; 90 minutos 95\u20ac<\/h3>\n<\/div><div class=\"fusion-clearfix\"><\/div><\/div><\/div><\/div><\/div><div class=\"fusion-fullwidth fullwidth-box fusion-builder-row-3 hundred-percent-fullwidth non-hundred-percent-height-scrolling\" style=\"--awb-background-position:left top;--awb-border-sizes-top:0px;--awb-border-sizes-bottom:0px;--awb-border-sizes-left:0px;--awb-border-sizes-right:0px;--awb-border-radius-top-left:0px;--awb-border-radius-top-right:0px;--awb-border-radius-bottom-right:0px;--awb-border-radius-bottom-left:0px;--awb-padding-top:30px;--awb-padding-right:11.25%;--awb-padding-bottom:20px;--awb-padding-left:11.25%;--awb-flex-wrap:wrap;\" ><div class=\"fusion-builder-row fusion-row\"><div class=\"fusion-layout-column fusion_builder_column fusion-builder-column-4 fusion_builder_column_1_2 1_2 fusion-one-half fusion-column-first\" style=\"--awb-bg-size:cover;width:48%; margin-right: 4%;\"><div class=\"fusion-column-wrapper fusion-flex-column-wrapper-legacy\"><div class=\"fusion-text fusion-text-9\"><h3><strong>Terapia de Algas<\/strong><\/h3>\n<\/div><div class=\"fusion-text fusion-text-10\"><p>La Algoterapia ha existido durante siglos, sus sorprendentes propiedades se han utilizado en todo el mundo durante miles de a\u00f1os. La Algoterapia sigue siendo muy popular hoy en d\u00eda en Europa y Asia. En Irlanda, Irlanda del Norte, Espa\u00f1a, Francia, Breta\u00f1a, Grecia y Jap\u00f3n, la gente va en grupo para el <a href=\"https:\/\/maxdinaoxyveinclinic.com\/centro-de-bienestar-y-belleza-marbella\/\">tratamiento<\/a> de las algas y para obtener una curaci\u00f3n incre\u00edble y beneficios para la salud con las algas en el cuerpo y la mente. Muy popular entre los enfermos con artritis, osteoartritis reumatoide,etc&#8230;; Aquellos con fuerte dolor en los m\u00fasculos y las articulaciones, se beneficiar\u00e1n con las algas. Gente con eccemas, psoriasis, trabajadores de la construcci\u00f3n, jardineros, artesanos y mujeres trabajadoras.<\/p>\n<p><img decoding=\"async\" class=\"alignnone wp-image-12372 size-full\" title=\"Bienestar de Lujo Marbella\" src=\"https:\/\/maxdinaoxyveinclinic.com\/wp-content\/uploads\/2016\/08\/Terapia-de-Algas-centro-bienestar-marbella.jpg\" alt=\"Bienestar de Lujo Terapia-de-Algas-centro-bienestar-marbella\" width=\"600\" height=\"299\" srcset=\"https:\/\/maxdinaoxyveinclinic.com\/wp-content\/uploads\/2016\/08\/Terapia-de-Algas-centro-bienestar-marbella-200x100.jpg 200w, https:\/\/maxdinaoxyveinclinic.com\/wp-content\/uploads\/2016\/08\/Terapia-de-Algas-centro-bienestar-marbella-300x150.jpg 300w, https:\/\/maxdinaoxyveinclinic.com\/wp-content\/uploads\/2016\/08\/Terapia-de-Algas-centro-bienestar-marbella-400x199.jpg 400w, https:\/\/maxdinaoxyveinclinic.com\/wp-content\/uploads\/2016\/08\/Terapia-de-Algas-centro-bienestar-marbella.jpg 600w\" sizes=\"(max-width: 600px) 100vw, 600px\" \/><\/p>\n<h3>Terapia Algas &#8211; 30 minutes 30\u20ac\/ 60 minutes 60\u20ac<\/h3>\n<\/div><div class=\"fusion-clearfix\"><\/div><\/div><\/div><div class=\"fusion-layout-column fusion_builder_column fusion-builder-column-5 fusion_builder_column_1_2 1_2 fusion-one-half fusion-column-last\" style=\"--awb-bg-size:cover;width:48%;\"><div class=\"fusion-column-wrapper fusion-flex-column-wrapper-legacy\"><div class=\"fusion-text fusion-text-11\"><h3><strong>La terapia de masaje m\u00e9dico con el chili<\/strong><\/h3>\n<\/div><div class=\"fusion-text fusion-text-12\"><p>Un gran tratamiento natural, bien conocido y de alta recomendaci\u00f3n. El chili que utilizamos se cultiva en el propia huerta de <a href=\"https:\/\/maxdinaoxyveinclinic.com\/centro-de-bienestar-y-belleza-marbella\/\">Maxdina Oxyvein Clinic Estepona-Marbella-Costa del Sol <\/a>Chili tiene muchos efectos beneficiosos para la salud. Proporciona la curaci\u00f3n terap\u00e9utica y la regeneraci\u00f3n de la piel. Es bueno para el coraz\u00f3n. Baja la presi\u00f3n sangu\u00ednea, estimula el sistema de circulaci\u00f3n y reduce el colesterol. Es un producto natural anti-coagulante que reduce el riesgo de un ataque al coraz\u00f3n. La capsaicina es el componente principal de la planta,presente en medicamentos contra la artritis y el reumatismo. Reduce el dolor de cabeza y migra\u00f1a. Con mi tratamiento de chili conseguir\u00e1 una piel m\u00e1s sana y se sentir\u00e1 m\u00e1s vital. Incluso su aura saldr\u00e1 reforzada en una sesi\u00f3n inolvidable.<\/p>\n<h3><img decoding=\"async\" class=\"alignnone wp-image-13662 size-full\" title=\"Bienestar de Lujo marbella\" src=\"https:\/\/maxdinaoxyveinclinic.com\/wp-content\/uploads\/2018\/07\/medical-massage-treatments-with-chili.jpg\" alt=\"medical-massage-treatments-with-chili\" width=\"600\" height=\"299\" srcset=\"https:\/\/maxdinaoxyveinclinic.com\/wp-content\/uploads\/2018\/07\/medical-massage-treatments-with-chili-200x100.jpg 200w, https:\/\/maxdinaoxyveinclinic.com\/wp-content\/uploads\/2018\/07\/medical-massage-treatments-with-chili-300x150.jpg 300w, https:\/\/maxdinaoxyveinclinic.com\/wp-content\/uploads\/2018\/07\/medical-massage-treatments-with-chili-400x199.jpg 400w, https:\/\/maxdinaoxyveinclinic.com\/wp-content\/uploads\/2018\/07\/medical-massage-treatments-with-chili.jpg 600w\" sizes=\"(max-width: 600px) 100vw, 600px\" \/><\/h3>\n<h3>Terapia medicinal chili &#8211; 90 minutos 90\u20ac<\/h3>\n<\/div><div class=\"fusion-clearfix\"><\/div><\/div><\/div><\/div><\/div><\/p>\n","protected":false},"excerpt":{"rendered":"","protected":false},"author":1,"featured_media":0,"parent":0,"menu_order":0,"comment_status":"closed","ping_status":"closed","template":"100-width.php","meta":{"footnotes":""},"yoast_head":"<!-- This site is optimized with the Yoast SEO plugin v22.5 - https:\/\/yoast.com\/wordpress\/plugins\/seo\/ -->\n<title>Tratamientos Bienestar de Lujo Belleza Marbella Maxdina centro belleza<\/title>\n<meta name=\"description\" content=\"Tratamientos Bienestar de Lujo y Belleza Marbella, Maxdina centro de Bienestar y Belleza Marbella, Terapias de belleza de lujo marbella\" \/>\n<meta name=\"robots\" content=\"index, follow, max-snippet:-1, max-image-preview:large, max-video-preview:-1\" \/>\n<link rel=\"canonical\" href=\"https:\/\/maxdinaoxyveinclinic.com\/es\/tratamientos-bienestar-de-lujo-y-belleza\/\" \/>\n<meta property=\"og:locale\" content=\"es_ES\" \/>\n<meta property=\"og:type\" content=\"article\" \/>\n<meta property=\"og:title\" content=\"Tratamientos Bienestar de Lujo Belleza Marbella Maxdina centro belleza\" \/>\n<meta property=\"og:description\" content=\"Tratamientos Bienestar de Lujo y Belleza Marbella, Maxdina centro de Bienestar y Belleza Marbella, Terapias de belleza de lujo marbella\" \/>\n<meta property=\"og:url\" content=\"https:\/\/maxdinaoxyveinclinic.com\/es\/tratamientos-bienestar-de-lujo-y-belleza\/\" \/>\n<meta property=\"og:site_name\" content=\"Maxdina Oxyvein Clinic Health, Wellness and Beauty\" \/>\n<meta property=\"article:modified_time\" content=\"2024-04-16T21:33:42+00:00\" \/>\n<meta property=\"og:image\" content=\"https:\/\/maxdinaoxyveinclinic.com\/wp-content\/uploads\/2016\/08\/Terapia-Rasul-mud-treatment-maxdinawellness-marbella-1.jpg\" \/>\n<meta name=\"twitter:card\" content=\"summary_large_image\" \/>\n<meta name=\"twitter:label1\" content=\"Tiempo de lectura\" \/>\n\t<meta name=\"twitter:data1\" content=\"5 minutos\" \/>\n<script type=\"application\/ld+json\" class=\"yoast-schema-graph\">{\"@context\":\"https:\/\/schema.org\",\"@graph\":[{\"@type\":\"WebPage\",\"@id\":\"https:\/\/maxdinaoxyveinclinic.com\/es\/tratamientos-bienestar-de-lujo-y-belleza\/\",\"url\":\"https:\/\/maxdinaoxyveinclinic.com\/es\/tratamientos-bienestar-de-lujo-y-belleza\/\",\"name\":\"Tratamientos Bienestar de Lujo Belleza Marbella Maxdina centro belleza\",\"isPartOf\":{\"@id\":\"https:\/\/maxdinaoxyveinclinic.com\/es\/#website\"},\"primaryImageOfPage\":{\"@id\":\"https:\/\/maxdinaoxyveinclinic.com\/es\/tratamientos-bienestar-de-lujo-y-belleza\/#primaryimage\"},\"image\":{\"@id\":\"https:\/\/maxdinaoxyveinclinic.com\/es\/tratamientos-bienestar-de-lujo-y-belleza\/#primaryimage\"},\"thumbnailUrl\":\"https:\/\/maxdinaoxyveinclinic.com\/wp-content\/uploads\/2016\/08\/Terapia-Rasul-mud-treatment-maxdinawellness-marbella-1.jpg\",\"datePublished\":\"2016-08-27T11:15:23+00:00\",\"dateModified\":\"2024-04-16T21:33:42+00:00\",\"description\":\"Tratamientos Bienestar de Lujo y Belleza Marbella, Maxdina centro de Bienestar y Belleza Marbella, Terapias de belleza de lujo marbella\",\"breadcrumb\":{\"@id\":\"https:\/\/maxdinaoxyveinclinic.com\/es\/tratamientos-bienestar-de-lujo-y-belleza\/#breadcrumb\"},\"inLanguage\":\"es\",\"potentialAction\":[{\"@type\":\"ReadAction\",\"target\":[\"https:\/\/maxdinaoxyveinclinic.com\/es\/tratamientos-bienestar-de-lujo-y-belleza\/\"]}]},{\"@type\":\"ImageObject\",\"inLanguage\":\"es\",\"@id\":\"https:\/\/maxdinaoxyveinclinic.com\/es\/tratamientos-bienestar-de-lujo-y-belleza\/#primaryimage\",\"url\":\"https:\/\/maxdinaoxyveinclinic.com\/wp-content\/uploads\/2016\/08\/Terapia-Rasul-mud-treatment-maxdinawellness-marbella-1.jpg\",\"contentUrl\":\"https:\/\/maxdinaoxyveinclinic.com\/wp-content\/uploads\/2016\/08\/Terapia-Rasul-mud-treatment-maxdinawellness-marbella-1.jpg\"},{\"@type\":\"BreadcrumbList\",\"@id\":\"https:\/\/maxdinaoxyveinclinic.com\/es\/tratamientos-bienestar-de-lujo-y-belleza\/#breadcrumb\",\"itemListElement\":[{\"@type\":\"ListItem\",\"position\":1,\"name\":\"Portada\",\"item\":\"https:\/\/maxdinaoxyveinclinic.com\/es\/\"},{\"@type\":\"ListItem\",\"position\":2,\"name\":\"Tratamientos Bienestar de Lujo y Belleza\"}]},{\"@type\":\"WebSite\",\"@id\":\"https:\/\/maxdinaoxyveinclinic.com\/es\/#website\",\"url\":\"https:\/\/maxdinaoxyveinclinic.com\/es\/\",\"name\":\"Maxdina Oxyvein Clinic Health, Wellness and Beauty\",\"description\":\"Centro de Bienestar y Belleza en Estepona-Marbella-Costa del SolFuengirola. Tratamientos y terapias curativas, Masajes Relajantes y terap\u00e9uticos\",\"potentialAction\":[{\"@type\":\"SearchAction\",\"target\":{\"@type\":\"EntryPoint\",\"urlTemplate\":\"https:\/\/maxdinaoxyveinclinic.com\/es\/?s={search_term_string}\"},\"query-input\":\"required name=search_term_string\"}],\"inLanguage\":\"es\"}]}<\/script>\n<!-- \/ Yoast SEO plugin. -->","yoast_head_json":{"title":"Tratamientos Bienestar de Lujo Belleza Marbella Maxdina centro belleza","description":"Tratamientos Bienestar de Lujo y Belleza Marbella, Maxdina centro de Bienestar y Belleza Marbella, Terapias de belleza de lujo marbella","robots":{"index":"index","follow":"follow","max-snippet":"max-snippet:-1","max-image-preview":"max-image-preview:large","max-video-preview":"max-video-preview:-1"},"canonical":"https:\/\/maxdinaoxyveinclinic.com\/es\/tratamientos-bienestar-de-lujo-y-belleza\/","og_locale":"es_ES","og_type":"article","og_title":"Tratamientos Bienestar de Lujo Belleza Marbella Maxdina centro belleza","og_description":"Tratamientos Bienestar de Lujo y Belleza Marbella, Maxdina centro de Bienestar y Belleza Marbella, Terapias de belleza de lujo marbella","og_url":"https:\/\/maxdinaoxyveinclinic.com\/es\/tratamientos-bienestar-de-lujo-y-belleza\/","og_site_name":"Maxdina Oxyvein Clinic Health, Wellness and Beauty","article_modified_time":"2024-04-16T21:33:42+00:00","og_image":[{"url":"https:\/\/maxdinaoxyveinclinic.com\/wp-content\/uploads\/2016\/08\/Terapia-Rasul-mud-treatment-maxdinawellness-marbella-1.jpg"}],"twitter_card":"summary_large_image","twitter_misc":{"Tiempo de lectura":"5 minutos"},"schema":{"@context":"https:\/\/schema.org","@graph":[{"@type":"WebPage","@id":"https:\/\/maxdinaoxyveinclinic.com\/es\/tratamientos-bienestar-de-lujo-y-belleza\/","url":"https:\/\/maxdinaoxyveinclinic.com\/es\/tratamientos-bienestar-de-lujo-y-belleza\/","name":"Tratamientos Bienestar de Lujo Belleza Marbella Maxdina centro belleza","isPartOf":{"@id":"https:\/\/maxdinaoxyveinclinic.com\/es\/#website"},"primaryImageOfPage":{"@id":"https:\/\/maxdinaoxyveinclinic.com\/es\/tratamientos-bienestar-de-lujo-y-belleza\/#primaryimage"},"image":{"@id":"https:\/\/maxdinaoxyveinclinic.com\/es\/tratamientos-bienestar-de-lujo-y-belleza\/#primaryimage"},"thumbnailUrl":"https:\/\/maxdinaoxyveinclinic.com\/wp-content\/uploads\/2016\/08\/Terapia-Rasul-mud-treatment-maxdinawellness-marbella-1.jpg","datePublished":"2016-08-27T11:15:23+00:00","dateModified":"2024-04-16T21:33:42+00:00","description":"Tratamientos Bienestar de Lujo y Belleza Marbella, Maxdina centro de Bienestar y Belleza Marbella, Terapias de belleza de lujo marbella","breadcrumb":{"@id":"https:\/\/maxdinaoxyveinclinic.com\/es\/tratamientos-bienestar-de-lujo-y-belleza\/#breadcrumb"},"inLanguage":"es","potentialAction":[{"@type":"ReadAction","target":["https:\/\/maxdinaoxyveinclinic.com\/es\/tratamientos-bienestar-de-lujo-y-belleza\/"]}]},{"@type":"ImageObject","inLanguage":"es","@id":"https:\/\/maxdinaoxyveinclinic.com\/es\/tratamientos-bienestar-de-lujo-y-belleza\/#primaryimage","url":"https:\/\/maxdinaoxyveinclinic.com\/wp-content\/uploads\/2016\/08\/Terapia-Rasul-mud-treatment-maxdinawellness-marbella-1.jpg","contentUrl":"https:\/\/maxdinaoxyveinclinic.com\/wp-content\/uploads\/2016\/08\/Terapia-Rasul-mud-treatment-maxdinawellness-marbella-1.jpg"},{"@type":"BreadcrumbList","@id":"https:\/\/maxdinaoxyveinclinic.com\/es\/tratamientos-bienestar-de-lujo-y-belleza\/#breadcrumb","itemListElement":[{"@type":"ListItem","position":1,"name":"Portada","item":"https:\/\/maxdinaoxyveinclinic.com\/es\/"},{"@type":"ListItem","position":2,"name":"Tratamientos Bienestar de Lujo y Belleza"}]},{"@type":"WebSite","@id":"https:\/\/maxdinaoxyveinclinic.com\/es\/#website","url":"https:\/\/maxdinaoxyveinclinic.com\/es\/","name":"Maxdina Oxyvein Clinic Health, Wellness and Beauty","description":"Centro de Bienestar y Belleza en Estepona-Marbella-Costa del SolFuengirola. Tratamientos y terapias curativas, Masajes Relajantes y terap\u00e9uticos","potentialAction":[{"@type":"SearchAction","target":{"@type":"EntryPoint","urlTemplate":"https:\/\/maxdinaoxyveinclinic.com\/es\/?s={search_term_string}"},"query-input":"required name=search_term_string"}],"inLanguage":"es"}]}},"_links":{"self":[{"href":"https:\/\/maxdinaoxyveinclinic.com\/es\/wp-json\/wp\/v2\/pages\/12341"}],"collection":[{"href":"https:\/\/maxdinaoxyveinclinic.com\/es\/wp-json\/wp\/v2\/pages"}],"about":[{"href":"https:\/\/maxdinaoxyveinclinic.com\/es\/wp-json\/wp\/v2\/types\/page"}],"author":[{"embeddable":true,"href":"https:\/\/maxdinaoxyveinclinic.com\/es\/wp-json\/wp\/v2\/users\/1"}],"replies":[{"embeddable":true,"href":"https:\/\/maxdinaoxyveinclinic.com\/es\/wp-json\/wp\/v2\/comments?post=12341"}],"version-history":[{"count":48,"href":"https:\/\/maxdinaoxyveinclinic.com\/es\/wp-json\/wp\/v2\/pages\/12341\/revisions"}],"predecessor-version":[{"id":14165,"href":"https:\/\/maxdinaoxyveinclinic.com\/es\/wp-json\/wp\/v2\/pages\/12341\/revisions\/14165"}],"wp:attachment":[{"href":"https:\/\/maxdinaoxyveinclinic.com\/es\/wp-json\/wp\/v2\/media?parent=12341"}],"curies":[{"name":"wp","href":"https:\/\/api.w.org\/{rel}","templated":true}]}}