{"id":12386,"date":"2016-08-27T12:37:17","date_gmt":"2016-08-27T12:37:17","guid":{"rendered":"https:\/\/maxdinaoxyveinclinic.com\/?page_id=12386"},"modified":"2024-04-06T18:36:09","modified_gmt":"2024-04-06T16:36:09","slug":"curas-de-belleza","status":"publish","type":"page","link":"https:\/\/maxdinaoxyveinclinic.com\/es\/curas-de-belleza\/","title":{"rendered":"Curas de Belleza"},"content":{"rendered":"<p><div class=\"fusion-fullwidth fullwidth-box fusion-builder-row-1 hundred-percent-fullwidth non-hundred-percent-height-scrolling\" style=\"--awb-background-position:left top;--awb-border-radius-top-left:0px;--awb-border-radius-top-right:0px;--awb-border-radius-bottom-right:0px;--awb-border-radius-bottom-left:0px;--awb-padding-top:100px;--awb-padding-right:11.25%;--awb-padding-bottom:20px;--awb-padding-left:11.25%;--awb-border-sizes-top:0px;--awb-border-sizes-bottom:0px;--awb-flex-wrap:wrap;\" ><div class=\"fusion-builder-row fusion-row\"><div class=\"fusion-layout-column fusion_builder_column fusion-builder-column-0 fusion_builder_column_1_2 1_2 fusion-one-half fusion-column-first\" style=\"--awb-bg-size:cover;width:48%; margin-right: 4%;\"><div class=\"fusion-column-wrapper fusion-flex-column-wrapper-legacy\"><div class=\"fusion-text fusion-text-1\"><h4><strong>Limpieza Facial de Lujo<\/strong><\/h4>\n<\/div><div class=\"fusion-text fusion-text-2\"><ul>\n<li>Tratamiento de valor<\/li>\n<li>Depuraci\u00f3n celulas muertas y grasa \u00e9 impureza de los poros<\/li>\n<li>Eliminaci\u00f3n del vello facial<\/li>\n<li>Peeling especial<\/li>\n<li>Especial mascarilla curativas de arcilla<\/li>\n<li>Especial mascarilla hierbas curativa<\/li>\n<li>Nutrici\u00f3n y regeneraci\u00f3n de las nuevas celulas<\/li>\n<li>Tinte de cejas y pesta\u00f1as<\/li>\n<li>Tratamiento antienvejecimiento<\/li>\n<li>Anti-arrugas<\/li>\n<li>Terapia anti-estr\u00e9s<\/li>\n<\/ul>\n<p><img decoding=\"async\" class=\"alignnone wp-image-12396 size-full\" title=\"Curas de Belleza Marbella\" src=\"https:\/\/maxdinaoxyveinclinic.com\/wp-content\/uploads\/2016\/08\/Limpieza-Facial-de-Lujo-centro-belleza-marbella.jpg\" alt=\"Curas de Belleza Limpieza-Facial-de-Lujo-centro-belleza-marbella\" width=\"600\" height=\"299\" srcset=\"https:\/\/maxdinaoxyveinclinic.com\/wp-content\/uploads\/2016\/08\/Limpieza-Facial-de-Lujo-centro-belleza-marbella-200x100.jpg 200w, https:\/\/maxdinaoxyveinclinic.com\/wp-content\/uploads\/2016\/08\/Limpieza-Facial-de-Lujo-centro-belleza-marbella-300x150.jpg 300w, https:\/\/maxdinaoxyveinclinic.com\/wp-content\/uploads\/2016\/08\/Limpieza-Facial-de-Lujo-centro-belleza-marbella-400x199.jpg 400w, https:\/\/maxdinaoxyveinclinic.com\/wp-content\/uploads\/2016\/08\/Limpieza-Facial-de-Lujo-centro-belleza-marbella.jpg 600w\" sizes=\"(max-width: 600px) 100vw, 600px\" \/><\/p>\n<p>&nbsp;<\/p>\n<h4>Limpieza facil de lujo &#8211; 90 minutos 72\u20ac<\/h4>\n<\/div><div class=\"fusion-clearfix\"><\/div><\/div><\/div><div class=\"fusion-layout-column fusion_builder_column fusion-builder-column-1 fusion_builder_column_1_2 1_2 fusion-one-half fusion-column-last\" style=\"--awb-bg-size:cover;width:48%;\"><div class=\"fusion-column-wrapper fusion-flex-column-wrapper-legacy\"><div class=\"fusion-text fusion-text-3\"><h4><strong>Pura Vitamina C<\/strong><\/h4>\n<\/div><div class=\"fusion-text fusion-text-4\"><p>La vitamina C forma parte de la vida como el aire para respirar. Por un lado, esta vitamina antiestr\u00e9s le dona a la piel sustancias vitales, y por el otro lado defiende de los radicales libres que atacan la estructura celular.<\/p>\n<p><img decoding=\"async\" class=\"alignnone wp-image-12400 size-full\" title=\"Curas de Belleza Marbella\" src=\"https:\/\/maxdinaoxyveinclinic.com\/wp-content\/uploads\/2016\/08\/tratamientos-Pura-Vitamina-C-marbella.jpg\" alt=\"Curas de Belleza Marbella tratamientos-Pura-Vitamina-C-marbella\" width=\"600\" height=\"299\" srcset=\"https:\/\/maxdinaoxyveinclinic.com\/wp-content\/uploads\/2016\/08\/tratamientos-Pura-Vitamina-C-marbella-200x100.jpg 200w, https:\/\/maxdinaoxyveinclinic.com\/wp-content\/uploads\/2016\/08\/tratamientos-Pura-Vitamina-C-marbella-300x150.jpg 300w, https:\/\/maxdinaoxyveinclinic.com\/wp-content\/uploads\/2016\/08\/tratamientos-Pura-Vitamina-C-marbella-400x199.jpg 400w, https:\/\/maxdinaoxyveinclinic.com\/wp-content\/uploads\/2016\/08\/tratamientos-Pura-Vitamina-C-marbella.jpg 600w\" sizes=\"(max-width: 600px) 100vw, 600px\" \/><\/p>\n<p>&nbsp;<\/p>\n<h4>Pura Vitamina C &#8211; 90 minutos 90\u20ac<\/h4>\n<\/div><div class=\"fusion-clearfix\"><\/div><\/div><\/div><\/div><\/div><div class=\"fusion-fullwidth fullwidth-box fusion-builder-row-2 hundred-percent-fullwidth non-hundred-percent-height-scrolling\" style=\"--awb-background-position:left top;--awb-border-radius-top-left:0px;--awb-border-radius-top-right:0px;--awb-border-radius-bottom-right:0px;--awb-border-radius-bottom-left:0px;--awb-padding-top:30px;--awb-padding-right:11.25%;--awb-padding-bottom:20px;--awb-padding-left:11.25%;--awb-border-sizes-top:0px;--awb-border-sizes-bottom:0px;--awb-flex-wrap:wrap;\" ><div class=\"fusion-builder-row fusion-row\"><div class=\"fusion-layout-column fusion_builder_column fusion-builder-column-2 fusion_builder_column_1_2 1_2 fusion-one-half fusion-column-first\" style=\"--awb-bg-size:cover;width:48%; margin-right: 4%;\"><div class=\"fusion-column-wrapper fusion-flex-column-wrapper-legacy\"><div class=\"fusion-text fusion-text-5\"><h4><strong>Estimulaci\u00f3n con Col\u00e1geno<\/strong><\/h4>\n<\/div><div class=\"fusion-text fusion-text-6\"><p>Reducci\u00f3n de arrugas gracias a la estimulaci\u00f3n de una nueva formaci\u00f3n de col\u00e1geno, esencial para la apariencia de la pel es su construcci\u00f3n de fibras de col\u00e1geno. Seg\u00fan resultados conseguidos durante investigaciones actuales, se ha podido comprobar y analizar seis tipos difenrentes de col\u00e1genos, son los C\u00f3lagenos III, que forman una red homog\u00e9nea compuesta con C\u00f3lageno. Gracias a CS III disponemos hoy de una sustancia activa de alta tecnologia, SC III , acelera de manera comprobada la formaci\u00f3n nueva de la proteina Coll\u00e1geno III. La piel aparecer\u00e1 m\u00e1s lisa y m\u00e1s suave, los contornos m\u00e1s fijos y m\u00e1s tersos con Maxdina Wellness &amp; Beauty.<\/p>\n<p><img decoding=\"async\" class=\"alignnone wp-image-12403 size-full\" title=\"Curas de Belleza Marbella\" src=\"https:\/\/maxdinaoxyveinclinic.com\/wp-content\/uploads\/2016\/08\/wellness-marbella-treatments.jpg\" alt=\"Curas de Belleza Marbella wellness-marbella-treatments\" width=\"600\" height=\"299\" srcset=\"https:\/\/maxdinaoxyveinclinic.com\/wp-content\/uploads\/2016\/08\/wellness-marbella-treatments-200x100.jpg 200w, https:\/\/maxdinaoxyveinclinic.com\/wp-content\/uploads\/2016\/08\/wellness-marbella-treatments-300x150.jpg 300w, https:\/\/maxdinaoxyveinclinic.com\/wp-content\/uploads\/2016\/08\/wellness-marbella-treatments-400x199.jpg 400w, https:\/\/maxdinaoxyveinclinic.com\/wp-content\/uploads\/2016\/08\/wellness-marbella-treatments.jpg 600w\" sizes=\"(max-width: 600px) 100vw, 600px\" \/><\/p>\n<p>&nbsp;<\/p>\n<h4>Estimulati\u00f3n con col\u00e1geno &#8211; 90 minutos 95\u20ac<\/h4>\n<\/div><div class=\"fusion-clearfix\"><\/div><\/div><\/div><div class=\"fusion-layout-column fusion_builder_column fusion-builder-column-3 fusion_builder_column_1_2 1_2 fusion-one-half fusion-column-last\" style=\"--awb-bg-size:cover;width:48%;\"><div class=\"fusion-column-wrapper fusion-flex-column-wrapper-legacy\"><div class=\"fusion-text fusion-text-7\"><h4><strong>Chi Yang exclusiva<\/strong><\/h4>\n<\/div><div class=\"fusion-text fusion-text-8\"><p>Nada puede frenar la energia de una persona, tan fuerte y sobradamente, bloqueando su fluidez, como las tensiones musculares. Las tenciones, tambi\u00e9n las de los nervios, dominan nuestras vidas. El estr\u00e9s y las tensiones an\u00edmicas se establecen en nuestro cuerpo como una tensi\u00f3n corporal muscular, y se reflejan en nuestra cara. Chi Yang exclusiva, es un m\u00e9todo de tratamiento relajante para la cara y el cuerpo con masaje de digito pres\u00f3n. Las tensiones se aflojar\u00e1n y los bloqueos se librar\u00e1n. Se activar\u00e1 la propia energia del cuerpo y una valiosa p\u00f3lvora de oro donar\u00e1 a la piel una apariencia radiantemente lujosa.<\/p>\n<p><img decoding=\"async\" class=\"alignnone wp-image-12406 size-full\" title=\"Curas de Belleza Marbella \" src=\"https:\/\/maxdinaoxyveinclinic.com\/wp-content\/uploads\/2016\/08\/chi-yang-treatment-wellness-marbella.jpg\" alt=\"Curas de Belleza Marbella chi-yang-treatment-wellness-marbella\" width=\"600\" height=\"299\" srcset=\"https:\/\/maxdinaoxyveinclinic.com\/wp-content\/uploads\/2016\/08\/chi-yang-treatment-wellness-marbella-200x100.jpg 200w, https:\/\/maxdinaoxyveinclinic.com\/wp-content\/uploads\/2016\/08\/chi-yang-treatment-wellness-marbella-300x150.jpg 300w, https:\/\/maxdinaoxyveinclinic.com\/wp-content\/uploads\/2016\/08\/chi-yang-treatment-wellness-marbella-400x199.jpg 400w, https:\/\/maxdinaoxyveinclinic.com\/wp-content\/uploads\/2016\/08\/chi-yang-treatment-wellness-marbella.jpg 600w\" sizes=\"(max-width: 600px) 100vw, 600px\" \/><\/p>\n<p>&nbsp;<\/p>\n<h4>Chi Yang exclusiva &#8211; 90 minutos 105\u20ac<\/h4>\n<\/div><div class=\"fusion-clearfix\"><\/div><\/div><\/div><\/div><\/div><div class=\"fusion-fullwidth fullwidth-box fusion-builder-row-3 hundred-percent-fullwidth non-hundred-percent-height-scrolling\" style=\"--awb-background-position:left top;--awb-border-radius-top-left:0px;--awb-border-radius-top-right:0px;--awb-border-radius-bottom-right:0px;--awb-border-radius-bottom-left:0px;--awb-padding-top:30px;--awb-padding-right:11.25%;--awb-padding-bottom:20px;--awb-padding-left:11.25%;--awb-border-sizes-top:0px;--awb-border-sizes-bottom:0px;--awb-flex-wrap:wrap;\" ><div class=\"fusion-builder-row fusion-row\"><div class=\"fusion-layout-column fusion_builder_column fusion-builder-column-4 fusion_builder_column_1_2 1_2 fusion-one-half fusion-column-first\" style=\"--awb-bg-size:cover;width:48%; margin-right: 4%;\"><div class=\"fusion-column-wrapper fusion-flex-column-wrapper-legacy\"><div class=\"fusion-text fusion-text-9\"><h4><strong>Ceremonia de Oro<\/strong><\/h4>\n<\/div><div class=\"fusion-text fusion-text-10\"><p>El Oro es el simbolo de la pureza, el bienestar, la fuerza y el calor. Hace ya m\u00e1s de 6000 a\u00f1os que sabian los chinos del efecto positivo que ten\u00eda este precioso y solicitado metal en el cuerpo y el alma. El Oro renueva y revitaliza. Ya en su tiempo, Paracelsus alababa las fuerzas curativas del oro. Su fulbor protege de influencias medio ambientales, aumentando las defensas de la piel y favoreciendo su resistencia. El efecto de las mol\u00e9sculas blandas y muy peque\u00f1as del oro en hojas sobre el cuerpo ya fue elogiado por los m\u00e9dicos del siglo XIV. Gracias a su carga energ\u00e9tica, el oro estimula la energia vital, desarrollando en el organismo las hojitas finas sus positivos. El asi llamado oro coloidal equilibra las propiedades el\u00e9tricas del cuerpo y dona un bienestar notable y proporciona un balance interior.<\/p>\n<p><img decoding=\"async\" class=\"alignnone wp-image-12409 size-full\" title=\"Curas de Belleza Marbella \" src=\"https:\/\/maxdinaoxyveinclinic.com\/wp-content\/uploads\/2016\/08\/ceremony-de-oro-maxdina-marbella.jpg\" alt=\"Curas de Belleza Marbella ceremony-de-oro-maxdina-marbella\" width=\"600\" height=\"299\" srcset=\"https:\/\/maxdinaoxyveinclinic.com\/wp-content\/uploads\/2016\/08\/ceremony-de-oro-maxdina-marbella-200x100.jpg 200w, https:\/\/maxdinaoxyveinclinic.com\/wp-content\/uploads\/2016\/08\/ceremony-de-oro-maxdina-marbella-300x150.jpg 300w, https:\/\/maxdinaoxyveinclinic.com\/wp-content\/uploads\/2016\/08\/ceremony-de-oro-maxdina-marbella-400x199.jpg 400w, https:\/\/maxdinaoxyveinclinic.com\/wp-content\/uploads\/2016\/08\/ceremony-de-oro-maxdina-marbella.jpg 600w\" sizes=\"(max-width: 600px) 100vw, 600px\" \/><\/p>\n<h4>Ceremonia de Oro &#8211; 90 minutos 120\u20ac<\/h4>\n<p>&nbsp;<\/p>\n<\/div><div class=\"fusion-clearfix\"><\/div><\/div><\/div><div class=\"fusion-layout-column fusion_builder_column fusion-builder-column-5 fusion_builder_column_1_2 1_2 fusion-one-half fusion-column-last\" style=\"--awb-bg-size:cover;width:48%;\"><div class=\"fusion-column-wrapper fusion-flex-column-wrapper-legacy\"><div class=\"fusion-text fusion-text-11\"><h4><strong>Caviar antiradical cosm\u00e9tico<\/strong><\/h4>\n<\/div><div class=\"fusion-text fusion-text-12\"><p>Es la f\u00f3rmula de belleza y wellness para pieles femeninas y masculinas que quieren sentirse bien. Existe una relaci\u00f3n directa entre el nivel de estr\u00f3genos la gl\u00e1ndula seb\u00e4cea ralentiza su secreci\u00f3n tomando asi las pieles extremadamente secas y proclives a la arruga. El Extracto de Caviar da la linea Source Vitale de Maxdina Wellness &amp; Beauty. Caviar Power: T\u00f3mate tu tiempo para disfrutar de esta lujosa sensaci\u00f3n de wellness. Tu piel te lo agradecer\u00e1 durante mucho tiempo con un precioso brillo juvenil en su rostro. Caviar Power, tiene un efecto Anti-edad para la piel seca, adem\u00e1s de aumentar su hidrataci\u00f3n. Rel\u00e1jate durante 45 minutos, olvid\u00e1ndote de tu vida cotidiana llena de stress e inquietudes. Tu piel se reactivar\u00e1 mientras recibes el frescor y tu cuerpo se relaja.<\/p>\n<p><img decoding=\"async\" class=\"alignnone wp-image-12819 size-full\" title=\"Curas de Belleza Marbella\" src=\"https:\/\/maxdinaoxyveinclinic.com\/wp-content\/uploads\/2016\/08\/caviar-treatments-marbella.jpg\" alt=\"Curas de Belleza Marbella caviar-treatments-marbella\" width=\"600\" height=\"299\" srcset=\"https:\/\/maxdinaoxyveinclinic.com\/wp-content\/uploads\/2016\/08\/caviar-treatments-marbella-200x100.jpg 200w, https:\/\/maxdinaoxyveinclinic.com\/wp-content\/uploads\/2016\/08\/caviar-treatments-marbella-300x150.jpg 300w, https:\/\/maxdinaoxyveinclinic.com\/wp-content\/uploads\/2016\/08\/caviar-treatments-marbella-400x199.jpg 400w, https:\/\/maxdinaoxyveinclinic.com\/wp-content\/uploads\/2016\/08\/caviar-treatments-marbella.jpg 600w\" sizes=\"(max-width: 600px) 100vw, 600px\" \/><\/p>\n<h4>Cosm\u00e9tico antiradical de caviar &#8211; 90 minutos 95\u20ac<\/h4>\n<p>&nbsp;<\/p>\n<\/div><div class=\"fusion-clearfix\"><\/div><\/div><\/div><\/div><\/div><div class=\"fusion-fullwidth fullwidth-box fusion-builder-row-4 hundred-percent-fullwidth non-hundred-percent-height-scrolling\" style=\"--awb-background-position:left top;--awb-border-radius-top-left:0px;--awb-border-radius-top-right:0px;--awb-border-radius-bottom-right:0px;--awb-border-radius-bottom-left:0px;--awb-padding-top:30px;--awb-padding-right:11.25%;--awb-padding-bottom:20px;--awb-padding-left:11.25%;--awb-border-sizes-top:0px;--awb-border-sizes-bottom:0px;--awb-flex-wrap:wrap;\" ><div class=\"fusion-builder-row fusion-row\"><div class=\"fusion-layout-column fusion_builder_column fusion-builder-column-6 fusion_builder_column_1_2 1_2 fusion-one-half fusion-column-first\" style=\"--awb-bg-size:cover;width:48%; margin-right: 4%;\"><div class=\"fusion-column-wrapper fusion-flex-column-wrapper-legacy\"><div class=\"fusion-text fusion-text-13\"><h4><strong>Tratamiento para el Hombre en Cabina<\/strong><\/h4>\n<\/div><div class=\"fusion-text fusion-text-14\"><p>KLAPP ha desarrollado este tratamiento para hombres que quieren cuidarse, que tienen una piel con impurezas, poros grandes y brillo, una piel desigual e irritada. El tratamiento reducir\u00e1 r\u00e1pida y eficientemente las irritaciones de la piel y la proteger\u00e1 de nuevas reacciones no deseadas.<\/p>\n<p><img decoding=\"async\" class=\"alignnone wp-image-12422 size-full\" title=\"Curas de Belleza Marbella\" src=\"https:\/\/maxdinaoxyveinclinic.com\/wp-content\/uploads\/2016\/08\/tratamiento-para-hombres-wellness-marbella-3.jpg\" alt=\"Curas de Belleza Marbella tratamiento-para-hombres-wellness-marbella\" width=\"600\" height=\"299\" srcset=\"https:\/\/maxdinaoxyveinclinic.com\/wp-content\/uploads\/2016\/08\/tratamiento-para-hombres-wellness-marbella-3-200x100.jpg 200w, https:\/\/maxdinaoxyveinclinic.com\/wp-content\/uploads\/2016\/08\/tratamiento-para-hombres-wellness-marbella-3-300x150.jpg 300w, https:\/\/maxdinaoxyveinclinic.com\/wp-content\/uploads\/2016\/08\/tratamiento-para-hombres-wellness-marbella-3-400x199.jpg 400w, https:\/\/maxdinaoxyveinclinic.com\/wp-content\/uploads\/2016\/08\/tratamiento-para-hombres-wellness-marbella-3.jpg 600w\" sizes=\"(max-width: 600px) 100vw, 600px\" \/><\/p>\n<p>&nbsp;<\/p>\n<\/div><div class=\"fusion-clearfix\"><\/div><\/div><\/div><\/div><\/div><\/p>\n","protected":false},"excerpt":{"rendered":"","protected":false},"author":1,"featured_media":0,"parent":0,"menu_order":0,"comment_status":"closed","ping_status":"closed","template":"100-width.php","meta":{"footnotes":""},"yoast_head":"<!-- This site is optimized with the Yoast SEO plugin v22.5 - https:\/\/yoast.com\/wordpress\/plugins\/seo\/ -->\n<title>Curas de Belleza - Maxdina Oxyvein Clinic Health, Wellness and Beauty<\/title>\n<meta name=\"description\" content=\"Curas de Belleza y tratamientos de belleza Marbella, Maxdina centro de bienestar y belleza Marbella. Curas de belleza Marbella, Centro de Bienestar\" \/>\n<meta name=\"robots\" content=\"index, follow, max-snippet:-1, max-image-preview:large, max-video-preview:-1\" \/>\n<link rel=\"canonical\" href=\"https:\/\/maxdinaoxyveinclinic.com\/es\/curas-de-belleza\/\" \/>\n<meta property=\"og:locale\" content=\"es_ES\" \/>\n<meta property=\"og:type\" content=\"article\" \/>\n<meta property=\"og:title\" content=\"Curas de Belleza - Maxdina Oxyvein Clinic Health, Wellness and Beauty\" \/>\n<meta property=\"og:description\" content=\"Curas de Belleza y tratamientos de belleza Marbella, Maxdina centro de bienestar y belleza Marbella. Curas de belleza Marbella, Centro de Bienestar\" \/>\n<meta property=\"og:url\" content=\"https:\/\/maxdinaoxyveinclinic.com\/es\/curas-de-belleza\/\" \/>\n<meta property=\"og:site_name\" content=\"Maxdina Oxyvein Clinic Health, Wellness and Beauty\" \/>\n<meta property=\"article:modified_time\" content=\"2024-04-06T16:36:09+00:00\" \/>\n<meta property=\"og:image\" content=\"https:\/\/maxdinaoxyveinclinic.com\/wp-content\/uploads\/2016\/08\/Limpieza-Facial-de-Lujo-centro-belleza-marbella.jpg\" \/>\n<meta name=\"twitter:card\" content=\"summary_large_image\" \/>\n<meta name=\"twitter:label1\" content=\"Tiempo de lectura\" \/>\n\t<meta name=\"twitter:data1\" content=\"6 minutos\" \/>\n<script type=\"application\/ld+json\" class=\"yoast-schema-graph\">{\"@context\":\"https:\/\/schema.org\",\"@graph\":[{\"@type\":\"WebPage\",\"@id\":\"https:\/\/maxdinaoxyveinclinic.com\/es\/curas-de-belleza\/\",\"url\":\"https:\/\/maxdinaoxyveinclinic.com\/es\/curas-de-belleza\/\",\"name\":\"Curas de Belleza - Maxdina Oxyvein Clinic Health, Wellness and Beauty\",\"isPartOf\":{\"@id\":\"https:\/\/maxdinaoxyveinclinic.com\/es\/#website\"},\"primaryImageOfPage\":{\"@id\":\"https:\/\/maxdinaoxyveinclinic.com\/es\/curas-de-belleza\/#primaryimage\"},\"image\":{\"@id\":\"https:\/\/maxdinaoxyveinclinic.com\/es\/curas-de-belleza\/#primaryimage\"},\"thumbnailUrl\":\"https:\/\/maxdinaoxyveinclinic.com\/wp-content\/uploads\/2016\/08\/Limpieza-Facial-de-Lujo-centro-belleza-marbella.jpg\",\"datePublished\":\"2016-08-27T12:37:17+00:00\",\"dateModified\":\"2024-04-06T16:36:09+00:00\",\"description\":\"Curas de Belleza y tratamientos de belleza Marbella, Maxdina centro de bienestar y belleza Marbella. Curas de belleza Marbella, Centro de Bienestar\",\"breadcrumb\":{\"@id\":\"https:\/\/maxdinaoxyveinclinic.com\/es\/curas-de-belleza\/#breadcrumb\"},\"inLanguage\":\"es\",\"potentialAction\":[{\"@type\":\"ReadAction\",\"target\":[\"https:\/\/maxdinaoxyveinclinic.com\/es\/curas-de-belleza\/\"]}]},{\"@type\":\"ImageObject\",\"inLanguage\":\"es\",\"@id\":\"https:\/\/maxdinaoxyveinclinic.com\/es\/curas-de-belleza\/#primaryimage\",\"url\":\"https:\/\/maxdinaoxyveinclinic.com\/wp-content\/uploads\/2016\/08\/Limpieza-Facial-de-Lujo-centro-belleza-marbella.jpg\",\"contentUrl\":\"https:\/\/maxdinaoxyveinclinic.com\/wp-content\/uploads\/2016\/08\/Limpieza-Facial-de-Lujo-centro-belleza-marbella.jpg\"},{\"@type\":\"BreadcrumbList\",\"@id\":\"https:\/\/maxdinaoxyveinclinic.com\/es\/curas-de-belleza\/#breadcrumb\",\"itemListElement\":[{\"@type\":\"ListItem\",\"position\":1,\"name\":\"Portada\",\"item\":\"https:\/\/maxdinaoxyveinclinic.com\/es\/\"},{\"@type\":\"ListItem\",\"position\":2,\"name\":\"Curas de Belleza\"}]},{\"@type\":\"WebSite\",\"@id\":\"https:\/\/maxdinaoxyveinclinic.com\/es\/#website\",\"url\":\"https:\/\/maxdinaoxyveinclinic.com\/es\/\",\"name\":\"Maxdina Oxyvein Clinic Health, Wellness and Beauty\",\"description\":\"Centro de Bienestar y Belleza en Estepona-Marbella-Costa del SolFuengirola. Tratamientos y terapias curativas, Masajes Relajantes y terap\u00e9uticos\",\"potentialAction\":[{\"@type\":\"SearchAction\",\"target\":{\"@type\":\"EntryPoint\",\"urlTemplate\":\"https:\/\/maxdinaoxyveinclinic.com\/es\/?s={search_term_string}\"},\"query-input\":\"required name=search_term_string\"}],\"inLanguage\":\"es\"}]}<\/script>\n<!-- \/ Yoast SEO plugin. -->","yoast_head_json":{"title":"Curas de Belleza - Maxdina Oxyvein Clinic Health, Wellness and Beauty","description":"Curas de Belleza y tratamientos de belleza Marbella, Maxdina centro de bienestar y belleza Marbella. Curas de belleza Marbella, Centro de Bienestar","robots":{"index":"index","follow":"follow","max-snippet":"max-snippet:-1","max-image-preview":"max-image-preview:large","max-video-preview":"max-video-preview:-1"},"canonical":"https:\/\/maxdinaoxyveinclinic.com\/es\/curas-de-belleza\/","og_locale":"es_ES","og_type":"article","og_title":"Curas de Belleza - Maxdina Oxyvein Clinic Health, Wellness and Beauty","og_description":"Curas de Belleza y tratamientos de belleza Marbella, Maxdina centro de bienestar y belleza Marbella. Curas de belleza Marbella, Centro de Bienestar","og_url":"https:\/\/maxdinaoxyveinclinic.com\/es\/curas-de-belleza\/","og_site_name":"Maxdina Oxyvein Clinic Health, Wellness and Beauty","article_modified_time":"2024-04-06T16:36:09+00:00","og_image":[{"url":"https:\/\/maxdinaoxyveinclinic.com\/wp-content\/uploads\/2016\/08\/Limpieza-Facial-de-Lujo-centro-belleza-marbella.jpg"}],"twitter_card":"summary_large_image","twitter_misc":{"Tiempo de lectura":"6 minutos"},"schema":{"@context":"https:\/\/schema.org","@graph":[{"@type":"WebPage","@id":"https:\/\/maxdinaoxyveinclinic.com\/es\/curas-de-belleza\/","url":"https:\/\/maxdinaoxyveinclinic.com\/es\/curas-de-belleza\/","name":"Curas de Belleza - Maxdina Oxyvein Clinic Health, Wellness and Beauty","isPartOf":{"@id":"https:\/\/maxdinaoxyveinclinic.com\/es\/#website"},"primaryImageOfPage":{"@id":"https:\/\/maxdinaoxyveinclinic.com\/es\/curas-de-belleza\/#primaryimage"},"image":{"@id":"https:\/\/maxdinaoxyveinclinic.com\/es\/curas-de-belleza\/#primaryimage"},"thumbnailUrl":"https:\/\/maxdinaoxyveinclinic.com\/wp-content\/uploads\/2016\/08\/Limpieza-Facial-de-Lujo-centro-belleza-marbella.jpg","datePublished":"2016-08-27T12:37:17+00:00","dateModified":"2024-04-06T16:36:09+00:00","description":"Curas de Belleza y tratamientos de belleza Marbella, Maxdina centro de bienestar y belleza Marbella. Curas de belleza Marbella, Centro de Bienestar","breadcrumb":{"@id":"https:\/\/maxdinaoxyveinclinic.com\/es\/curas-de-belleza\/#breadcrumb"},"inLanguage":"es","potentialAction":[{"@type":"ReadAction","target":["https:\/\/maxdinaoxyveinclinic.com\/es\/curas-de-belleza\/"]}]},{"@type":"ImageObject","inLanguage":"es","@id":"https:\/\/maxdinaoxyveinclinic.com\/es\/curas-de-belleza\/#primaryimage","url":"https:\/\/maxdinaoxyveinclinic.com\/wp-content\/uploads\/2016\/08\/Limpieza-Facial-de-Lujo-centro-belleza-marbella.jpg","contentUrl":"https:\/\/maxdinaoxyveinclinic.com\/wp-content\/uploads\/2016\/08\/Limpieza-Facial-de-Lujo-centro-belleza-marbella.jpg"},{"@type":"BreadcrumbList","@id":"https:\/\/maxdinaoxyveinclinic.com\/es\/curas-de-belleza\/#breadcrumb","itemListElement":[{"@type":"ListItem","position":1,"name":"Portada","item":"https:\/\/maxdinaoxyveinclinic.com\/es\/"},{"@type":"ListItem","position":2,"name":"Curas de Belleza"}]},{"@type":"WebSite","@id":"https:\/\/maxdinaoxyveinclinic.com\/es\/#website","url":"https:\/\/maxdinaoxyveinclinic.com\/es\/","name":"Maxdina Oxyvein Clinic Health, Wellness and Beauty","description":"Centro de Bienestar y Belleza en Estepona-Marbella-Costa del SolFuengirola. Tratamientos y terapias curativas, Masajes Relajantes y terap\u00e9uticos","potentialAction":[{"@type":"SearchAction","target":{"@type":"EntryPoint","urlTemplate":"https:\/\/maxdinaoxyveinclinic.com\/es\/?s={search_term_string}"},"query-input":"required name=search_term_string"}],"inLanguage":"es"}]}},"_links":{"self":[{"href":"https:\/\/maxdinaoxyveinclinic.com\/es\/wp-json\/wp\/v2\/pages\/12386"}],"collection":[{"href":"https:\/\/maxdinaoxyveinclinic.com\/es\/wp-json\/wp\/v2\/pages"}],"about":[{"href":"https:\/\/maxdinaoxyveinclinic.com\/es\/wp-json\/wp\/v2\/types\/page"}],"author":[{"embeddable":true,"href":"https:\/\/maxdinaoxyveinclinic.com\/es\/wp-json\/wp\/v2\/users\/1"}],"replies":[{"embeddable":true,"href":"https:\/\/maxdinaoxyveinclinic.com\/es\/wp-json\/wp\/v2\/comments?post=12386"}],"version-history":[{"count":28,"href":"https:\/\/maxdinaoxyveinclinic.com\/es\/wp-json\/wp\/v2\/pages\/12386\/revisions"}],"predecessor-version":[{"id":14043,"href":"https:\/\/maxdinaoxyveinclinic.com\/es\/wp-json\/wp\/v2\/pages\/12386\/revisions\/14043"}],"wp:attachment":[{"href":"https:\/\/maxdinaoxyveinclinic.com\/es\/wp-json\/wp\/v2\/media?parent=12386"}],"curies":[{"name":"wp","href":"https:\/\/api.w.org\/{rel}","templated":true}]}}