{"id":12475,"date":"2016-08-29T10:33:32","date_gmt":"2016-08-29T10:33:32","guid":{"rendered":"https:\/\/maxdinaoxyveinclinic.com\/?page_id=12475"},"modified":"2025-01-29T13:21:03","modified_gmt":"2025-01-29T12:21:03","slug":"depilacion-marbella-con-tratamientos-sin-dolor","status":"publish","type":"page","link":"https:\/\/maxdinaoxyveinclinic.com\/es\/depilacion-marbella-con-tratamientos-sin-dolor\/","title":{"rendered":"Depilaci\u00f3n con Yoga Estepona Marbella Costa del Sol con tratamientos sin dolor"},"content":{"rendered":"<p><div class=\"fusion-fullwidth fullwidth-box fusion-builder-row-1 hundred-percent-fullwidth non-hundred-percent-height-scrolling\" style=\"--awb-background-position:left top;--awb-border-sizes-top:0px;--awb-border-sizes-bottom:0px;--awb-border-sizes-left:0px;--awb-border-sizes-right:0px;--awb-border-radius-top-left:0px;--awb-border-radius-top-right:0px;--awb-border-radius-bottom-right:0px;--awb-border-radius-bottom-left:0px;--awb-padding-top:100px;--awb-padding-right:11.25%;--awb-padding-bottom:20px;--awb-padding-left:11.25%;--awb-flex-wrap:wrap;\" ><div class=\"fusion-builder-row fusion-row\"><div class=\"fusion-layout-column fusion_builder_column fusion-builder-column-0 fusion_builder_column_1_1 1_1 fusion-one-full fusion-column-first fusion-column-last fusion-column-no-min-height\" style=\"--awb-bg-size:cover;--awb-margin-bottom:0px;\"><div class=\"fusion-column-wrapper fusion-flex-column-wrapper-legacy\"><div class=\"fusion-text fusion-text-1\"><h3>Depilaci\u00f3n con Yoga en Estepona-Marbella-Costa del Sol con tratamientos sin dolor<\/h3>\n<h3>Terapias Medicinales, y Profesionales<\/h3>\n<h4>Depilaci\u00f3n en Estepona-Marbella-Costa del Sol con tratamientos sin dolor. Depilaci\u00f3n completa y servicios de depilaci\u00f3n brasile\u00f1a en Estepona-Marbella-Costa del Sol. Deja que Maxdina esteticista y fisioterapeuta profesional le muestre c\u00f3mo puede ser la eliminaci\u00f3n del vello f\u00e1cil y r\u00e1pido con cera de algas marinas. Maxdina da un servicio exclusivo y \u00fanico con una regeneraci\u00f3n de las c\u00e9lulas muertas con sus propios aceites de plantas medicinales, cultivada ecol\u00f3gicamente por la propia huerta Maxdina.<\/h4>\n<h2><\/h2>\n<\/div><div class=\"fusion-text fusion-text-2\"><p>Depilaci\u00f3n con Yoga en Estepona-Marbella-Costa del Sol con tratamientos sin dolor. Inicio del hombre m\u00e1s profesional y mujer brasile\u00f1a depilaci\u00f3n y servicios de depilaci\u00f3n \u00edntima en Estepona-Marbella-Costa del Sol. Eliminaci\u00f3n del vello f\u00e1cil y r\u00e1pido<\/p>\n<p>Terapias Medicinales y Profesionales.<\/p>\n<p><img decoding=\"async\" class=\"size-full wp-image-13271 alignleft\" src=\"https:\/\/maxdinaoxyveinclinic.com\/wp-content\/uploads\/2016\/08\/depilacion-cabina.jpg\" alt=\"\" width=\"378\" height=\"194\" srcset=\"https:\/\/maxdinaoxyveinclinic.com\/wp-content\/uploads\/2016\/08\/depilacion-cabina-200x103.jpg 200w, https:\/\/maxdinaoxyveinclinic.com\/wp-content\/uploads\/2016\/08\/depilacion-cabina-300x154.jpg 300w, https:\/\/maxdinaoxyveinclinic.com\/wp-content\/uploads\/2016\/08\/depilacion-cabina.jpg 378w\" sizes=\"(max-width: 378px) 100vw, 378px\" \/>Ahora, m\u00e1s que nunca, los hombres recurren a la depilaci\u00f3n con cera para la depilaci\u00f3n en vez de rasurado, evitando rasgu\u00f1os e irritaciones. La cera es una alternativa impresionante y asequible. <a href=\"https:\/\/maxdinaoxyveinclinic.com\/centro-de-bienestar-y-belleza-marbella\/\">Maxdina Oxyvein Clinic Estepona-Marbella-costa del Sol Wellness &amp; Beauty<\/a>, ofrece una serie de tratamientos de depilaci\u00f3n masculina.\u00a0El bikini para los hombres es uno de nuestros servicios m\u00e1s populares. S\u00f3lo una vez solicitada por los miembros de la comunidad gay, ahora es un tratamiento de depilaci\u00f3n aceptable para los hombres heterosexuales.<\/p>\n<p>Utilizamos dos tipos diferentes de cera, dependiendo de la sensibilidad de su piel, ambos de gama alta. Ofrecemos una prueba de parche para determinar la sensibilidad de su piel, que dictar\u00e1 la que la cera usaremos: cera Azuleno, bueno para todo tipo de pieles, cera algas especialmente para los hombres y cera dura azul para la piel sensible.<\/p>\n<p><img decoding=\"async\" class=\"wp-image-12756 size-full alignright\" title=\"Tratamientos y Depilaci\u00f3n sin dolor Marbella unisex\" src=\"https:\/\/maxdinaoxyveinclinic.com\/wp-content\/uploads\/2016\/08\/mens-waxing-marbella-maxdinawellness-1.jpg\" alt=\"Tratamientos y Depilaci\u00f3n sin dolor Marbella mens-waxing-marbella-maxdinawellness\" width=\"660\" height=\"217\" srcset=\"https:\/\/maxdinaoxyveinclinic.com\/wp-content\/uploads\/2016\/08\/mens-waxing-marbella-maxdinawellness-1-200x66.jpg 200w, https:\/\/maxdinaoxyveinclinic.com\/wp-content\/uploads\/2016\/08\/mens-waxing-marbella-maxdinawellness-1-300x99.jpg 300w, https:\/\/maxdinaoxyveinclinic.com\/wp-content\/uploads\/2016\/08\/mens-waxing-marbella-maxdinawellness-1-400x132.jpg 400w, https:\/\/maxdinaoxyveinclinic.com\/wp-content\/uploads\/2016\/08\/mens-waxing-marbella-maxdinawellness-1-600x197.jpg 600w, https:\/\/maxdinaoxyveinclinic.com\/wp-content\/uploads\/2016\/08\/mens-waxing-marbella-maxdinawellness-1.jpg 660w\" sizes=\"(max-width: 660px) 100vw, 660px\" \/><\/p>\n<p>En mi centro se adhiere la pol\u00edtica de no-doble inmersi\u00f3n, usando guantes para asegurar un ambiente higi\u00e9nico.<br \/>\n<img decoding=\"async\" class=\"alignleft wp-image-12501\" title=\"Tratamientos y Depilaci\u00f3n sin dolor Marbella unisex\" src=\"https:\/\/maxdinaoxyveinclinic.com\/wp-content\/uploads\/2016\/08\/waxing-your-legs-maxdina-depilacion-sin-dolor-marbella.jpg\" alt=\"Tratamientos y Depilaci\u00f3n sin dolor Marbella waxing-your-legs-maxdina-depilacion-sin-dolor-marbella\" width=\"200\" height=\"300\" srcset=\"https:\/\/maxdinaoxyveinclinic.com\/wp-content\/uploads\/2016\/08\/waxing-your-legs-maxdina-depilacion-sin-dolor-marbella-200x300.jpg 200w, https:\/\/maxdinaoxyveinclinic.com\/wp-content\/uploads\/2016\/08\/waxing-your-legs-maxdina-depilacion-sin-dolor-marbella.jpg 243w\" sizes=\"(max-width: 200px) 100vw, 200px\" \/>Depilaci\u00f3n \u00edntima <a href=\"https:\/\/maxdinaoxyveinclinic.com\/centro-de-bienestar-y-belleza-marbella\/\">Maxdina Oxyvein Clinic\u00a0 \u00a0 \u00a0 \u00a0 \u00a0 \u00a0 Estepona- Marbella-Costa del Sol Bienestar y Belleza <\/a>proporciona ambos servicios de depilaci\u00f3n masculina y femenina.\u00a0Garantizando el m\u00e1s alto nivel de profesionalidad proporcionada a nuestros clientes.<\/p>\n<p>En Maxdina Oxyvein Clinic Estepona-Marbella-Costa del Sol, no s\u00f3lo son las mujeres acuden a los salones para conseguir estar a punto. Los hombres tambi\u00e9n reciben tratamientos para conseguirlo. La depilaci\u00f3n es una de las formas m\u00e1s duraderas para eliminar el vello no deseado. Maxdina Oxyvein Clinic Estepona-Marbella-Costa del Sol utiliza los \u00faltimos m\u00e9todos de higiene que proporciona la depilaci\u00f3n m\u00e1s fina.<\/p>\n<h3><\/h3>\n<\/div><div class=\"fusion-clearfix\"><\/div><\/div><\/div><\/div><\/div><div class=\"fusion-fullwidth fullwidth-box fusion-builder-row-2 hundred-percent-fullwidth non-hundred-percent-height-scrolling\" style=\"--awb-background-position:left top;--awb-border-sizes-top:0px;--awb-border-sizes-bottom:0px;--awb-border-sizes-left:0px;--awb-border-sizes-right:0px;--awb-border-radius-top-left:0px;--awb-border-radius-top-right:0px;--awb-border-radius-bottom-right:0px;--awb-border-radius-bottom-left:0px;--awb-padding-top:20px;--awb-padding-right:11.25%;--awb-padding-bottom:20px;--awb-padding-left:11.25%;--awb-flex-wrap:wrap;\" ><div class=\"fusion-builder-row fusion-row\"><div class=\"fusion-layout-column fusion_builder_column fusion-builder-column-1 fusion_builder_column_1_1 1_1 fusion-one-full fusion-column-first fusion-column-last\" style=\"--awb-bg-size:cover;\"><div class=\"fusion-column-wrapper fusion-flex-column-wrapper-legacy\"><div class=\"fusion-text fusion-text-3\"><h3>Depilaci\u00f3n Con Yoga Estepona-Marbella-Costa del Sol con tratamientos sin dolor. Brasile\u00f1a, Hollywood o Tri\u00e1ngulo para Hombre y Mujeres<\/h3>\n<h3>Terapias Medicinales y Profesionales<\/h3>\n<\/div><div class=\"fusion-text fusion-text-4\"><h3>Masculino Depilaci\u00f3n brasile\u00f1a con Yoga, Terapias Medinales y profesionales.<\/h3>\n<p>Para aquellos que son nuevos en el tema, vamos a tomar un minuto para explicar la depilaci\u00f3n brasile\u00f1a masculina. Es la eliminaci\u00f3n de todos o algunos de los cabellos en la zona genital. La cantidad de vello que desea eliminar es totalmente cosa suya.<\/p>\n<\/div><div class=\"fusion-clearfix\"><\/div><\/div><\/div><div class=\"fusion-layout-column fusion_builder_column fusion-builder-column-2 fusion_builder_column_1_2 1_2 fusion-one-half fusion-column-first\" style=\"--awb-bg-size:cover;width:50%;width:calc(50% - ( ( 4% ) * 0.5 ) );margin-right: 4%;\"><div class=\"fusion-column-wrapper fusion-flex-column-wrapper-legacy\"><div class=\"fusion-text fusion-text-5\"><h3 class=\"fusion-responsive-typography-calculated\" style=\"--fontsize: 22; line-height: 1.41; --minfontsize: 22;\" data-fontsize=\"22\" data-lineheight=\"31.0167px\"><strong>Lista de precios para hombres<\/strong><\/h3>\n<h3 class=\"fusion-responsive-typography-calculated\" style=\"--fontsize: 22; line-height: 1.41; --minfontsize: 22;\" data-fontsize=\"22\" data-lineheight=\"31.0167px\">Faciales completas, anti edad: 150\u20ac<br \/>\nCejas: 15\u20ac<br \/>\nNariz: 10\u20ac<br \/>\nOrejas: 20\u20ac<br \/>\nLabio superior: 15\u20ac<br \/>\nMejillas: 15\u20ac<br \/>\nHombros: 55\u20ac<br \/>\nCuello: 20\u20ac<br \/>\nBarbilla: 15\u20ac<br \/>\nEspalda: 55\u20ac<br \/>\nGl\u00fateos: 60\u20ac<br \/>\nMedia piernas: 60\u20ac<br \/>\nPiernas completa: 90\u20ac<br \/>\nDedos: 10\u20ac<br \/>\nPecho: 55\u20ac<br \/>\nBrazos completos con manos: 70\u20ac<br \/>\nMedios brazos: 40\u20ac<br \/>\nEst\u00f3mago : 30\u20ac<br \/>\nCuerpo completo: 345\u20ac*<br \/>\nAxilas: 40\u20ac<br \/>\nIntimo\/Brasile\u00f1os: 95\u20ac<\/h3>\n<p>* (precio fijo a pacientes habituales, que contin\u00faen cada 3 semanas o mes, no incluye zona intima ni facial).<\/p>\n<\/div><div class=\"fusion-clearfix\"><\/div><\/div><\/div><div class=\"fusion-layout-column fusion_builder_column fusion-builder-column-3 fusion_builder_column_1_2 1_2 fusion-one-half fusion-column-last\" style=\"--awb-bg-size:cover;width:50%;width:calc(50% - ( ( 4% ) * 0.5 ) );\"><div class=\"fusion-column-wrapper fusion-flex-column-wrapper-legacy\"><div class=\"fusion-text fusion-text-6\"><h3 class=\"fusion-responsive-typography-calculated\" style=\"--fontsize: 22; line-height: 1.41; --minfontsize: 22;\" data-fontsize=\"22\" data-lineheight=\"31.0167px\"><strong>Lista de precios para mujeres<\/strong><\/h3>\n<h3 class=\"fusion-responsive-typography-calculated\" style=\"--fontsize: 22; line-height: 1.41; --minfontsize: 22;\" data-fontsize=\"22\" data-lineheight=\"31.0167px\">Faciales completas anti-edad: 150\u20ac<br \/>\nCejas: 15\u20ac<br \/>\nNariz: 10\u20ac<br \/>\nOrejas: 20\u20ac<br \/>\nLabio superior: 15\u20ac<br \/>\nMejillas: 15\u20ac<br \/>\nHombros: 55\u20ac<br \/>\nCuello: 20\u20ac<br \/>\nBarbilla: 15\u20ac<br \/>\nEspalda: 55\u20ac<br \/>\nGl\u00fateos: 60\u20ac<br \/>\nMedia piernas: 60\u20ac<br \/>\nPiernas completa: 90\u20ac<br \/>\nDedos: 10\u20ac<br \/>\nPecho: 55\u20ac<br \/>\nBrazos completos con manos: 70\u20ac<br \/>\nMedios brazos: 40\u20ac<br \/>\nEst\u00f3mago : 30\u20ac<br \/>\nCuerpo completo: 345\u20ac*<br \/>\nAxilas: 40\u20ac<br \/>\nIntimo\/Brasile\u00f1os: 95\u20ac<\/h3>\n<p>* (precio fijo a pacientes habituales, que contin\u00faen cada 3 semanas o mes, no incluye zona intima ni facial)<\/p>\n<\/div><div class=\"fusion-clearfix\"><\/div><\/div><\/div><div class=\"fusion-layout-column fusion_builder_column fusion-builder-column-4 fusion_builder_column_1_1 1_1 fusion-one-full fusion-column-first fusion-column-last\" style=\"--awb-bg-size:cover;\"><div class=\"fusion-column-wrapper fusion-flex-column-wrapper-legacy\"><div class=\"fusion-text fusion-text-7\"><p>*<strong><em>Tenga encuenta que en caso de exceso de pelo, tenemos que cobrar el 10%adicional. Nosotros le aconsejaremos antes de inicar el tratamiento.<\/em><\/strong><\/p>\n<h3>Mi Creciente F\u00f3rmula<\/h3>\n<p>Utilizo dos tipos diferentes de cera, dependiendo de la sensibilidad de su piel. Ambos son parte de la gama alta productos que han sido probados y utilizados de manera eficiente.<\/p>\n<h3>Los beneficios de la depilaci\u00f3n brasile\u00f1a masculina<\/h3>\n<p>\u00bfPor qu\u00e9 iba alguien a querer someterse a algo tan \u00edntimo e inc\u00f3modo como un tratamiento masculino de Brasil Depilaci\u00f3n? Hay varias razones muy buenas por qu\u00e9 encerar el \u00e1rea genital para la depilaci\u00f3n es beneficioso.<br \/>\nM\u00e1s higi\u00e9nico<br \/>\nMejor comodidad<br \/>\nSensaci\u00f3n m\u00e1s fr\u00eda<br \/>\nEst\u00e9ticamente m\u00e1s agradable<br \/>\nMejora la intimidad<br \/>\nLa regeneraci\u00f3n del cabello es m\u00e1s lento y m\u00e1s fino , dando menos irritaci\u00f3n que el afeitado o recorte.<\/p>\n<h3>Antes y Despu\u00e9s del Depilaci\u00f3n Cuidado<\/h3>\n<p>Hay algunas precauciones que desea tomar antes y despu\u00e9s de recibir su Tratamientos y Depilaci\u00f3n brasile\u00f1a masculina. Estos consejos pr\u00e1cticos cuidado de la piel ayudar\u00e1 a asegurar que usted tiene una experiencia positiva.<\/p>\n<\/div><div class=\"fusion-clearfix\"><\/div><\/div><\/div><\/div><\/div><\/p>\n","protected":false},"excerpt":{"rendered":"","protected":false},"author":1,"featured_media":0,"parent":0,"menu_order":0,"comment_status":"closed","ping_status":"closed","template":"100-width.php","meta":{"footnotes":""},"yoast_head":"<!-- This site is optimized with the Yoast SEO plugin v22.5 - https:\/\/yoast.com\/wordpress\/plugins\/seo\/ -->\n<title>Depilaci\u00f3n Marbella con tratamientos sin dolor. Completa y servicios de brasille\u00f1os<\/title>\n<meta name=\"description\" content=\"Depilaci\u00f3n Marbella con tratamientos sin dolor. Depilaci\u00f3n completa y servicios de depilaci\u00f3n Brasile\u00f1a, Hollywood o Tri\u00e1ngulo para Hombre y Mujeres\" \/>\n<meta name=\"robots\" content=\"index, follow, max-snippet:-1, max-image-preview:large, max-video-preview:-1\" \/>\n<link rel=\"canonical\" href=\"https:\/\/maxdinaoxyveinclinic.com\/es\/depilacion-marbella-con-tratamientos-sin-dolor\/\" \/>\n<meta property=\"og:locale\" content=\"es_ES\" \/>\n<meta property=\"og:type\" content=\"article\" \/>\n<meta property=\"og:title\" content=\"Depilaci\u00f3n Marbella con tratamientos sin dolor. Completa y servicios de brasille\u00f1os\" \/>\n<meta property=\"og:description\" content=\"Depilaci\u00f3n Marbella con tratamientos sin dolor. Depilaci\u00f3n completa y servicios de depilaci\u00f3n Brasile\u00f1a, Hollywood o Tri\u00e1ngulo para Hombre y Mujeres\" \/>\n<meta property=\"og:url\" content=\"https:\/\/maxdinaoxyveinclinic.com\/es\/depilacion-marbella-con-tratamientos-sin-dolor\/\" \/>\n<meta property=\"og:site_name\" content=\"Maxdina Oxyvein Clinic Health, Wellness and Beauty\" \/>\n<meta property=\"article:modified_time\" content=\"2025-01-29T12:21:03+00:00\" \/>\n<meta property=\"og:image\" content=\"https:\/\/maxdinaoxyveinclinic.com\/wp-content\/uploads\/2016\/08\/depilacion-cabina.jpg\" \/>\n<meta name=\"twitter:card\" content=\"summary_large_image\" \/>\n<meta name=\"twitter:label1\" content=\"Tiempo de lectura\" \/>\n\t<meta name=\"twitter:data1\" content=\"5 minutos\" \/>\n<script type=\"application\/ld+json\" class=\"yoast-schema-graph\">{\"@context\":\"https:\/\/schema.org\",\"@graph\":[{\"@type\":\"WebPage\",\"@id\":\"https:\/\/maxdinaoxyveinclinic.com\/es\/depilacion-marbella-con-tratamientos-sin-dolor\/\",\"url\":\"https:\/\/maxdinaoxyveinclinic.com\/es\/depilacion-marbella-con-tratamientos-sin-dolor\/\",\"name\":\"Depilaci\u00f3n Marbella con tratamientos sin dolor. Completa y servicios de brasille\u00f1os\",\"isPartOf\":{\"@id\":\"https:\/\/maxdinaoxyveinclinic.com\/es\/#website\"},\"primaryImageOfPage\":{\"@id\":\"https:\/\/maxdinaoxyveinclinic.com\/es\/depilacion-marbella-con-tratamientos-sin-dolor\/#primaryimage\"},\"image\":{\"@id\":\"https:\/\/maxdinaoxyveinclinic.com\/es\/depilacion-marbella-con-tratamientos-sin-dolor\/#primaryimage\"},\"thumbnailUrl\":\"https:\/\/maxdinaoxyveinclinic.com\/wp-content\/uploads\/2016\/08\/depilacion-cabina.jpg\",\"datePublished\":\"2016-08-29T10:33:32+00:00\",\"dateModified\":\"2025-01-29T12:21:03+00:00\",\"description\":\"Depilaci\u00f3n Marbella con tratamientos sin dolor. Depilaci\u00f3n completa y servicios de depilaci\u00f3n Brasile\u00f1a, Hollywood o Tri\u00e1ngulo para Hombre y Mujeres\",\"breadcrumb\":{\"@id\":\"https:\/\/maxdinaoxyveinclinic.com\/es\/depilacion-marbella-con-tratamientos-sin-dolor\/#breadcrumb\"},\"inLanguage\":\"es\",\"potentialAction\":[{\"@type\":\"ReadAction\",\"target\":[\"https:\/\/maxdinaoxyveinclinic.com\/es\/depilacion-marbella-con-tratamientos-sin-dolor\/\"]}]},{\"@type\":\"ImageObject\",\"inLanguage\":\"es\",\"@id\":\"https:\/\/maxdinaoxyveinclinic.com\/es\/depilacion-marbella-con-tratamientos-sin-dolor\/#primaryimage\",\"url\":\"https:\/\/maxdinaoxyveinclinic.com\/wp-content\/uploads\/2016\/08\/depilacion-cabina.jpg\",\"contentUrl\":\"https:\/\/maxdinaoxyveinclinic.com\/wp-content\/uploads\/2016\/08\/depilacion-cabina.jpg\"},{\"@type\":\"BreadcrumbList\",\"@id\":\"https:\/\/maxdinaoxyveinclinic.com\/es\/depilacion-marbella-con-tratamientos-sin-dolor\/#breadcrumb\",\"itemListElement\":[{\"@type\":\"ListItem\",\"position\":1,\"name\":\"Portada\",\"item\":\"https:\/\/maxdinaoxyveinclinic.com\/es\/\"},{\"@type\":\"ListItem\",\"position\":2,\"name\":\"Depilaci\u00f3n con Yoga Estepona Marbella Costa del Sol con tratamientos sin dolor\"}]},{\"@type\":\"WebSite\",\"@id\":\"https:\/\/maxdinaoxyveinclinic.com\/es\/#website\",\"url\":\"https:\/\/maxdinaoxyveinclinic.com\/es\/\",\"name\":\"Maxdina Oxyvein Clinic Health, Wellness and Beauty\",\"description\":\"Centro de Bienestar y Belleza en Estepona-Marbella-Costa del SolFuengirola. Tratamientos y terapias curativas, Masajes Relajantes y terap\u00e9uticos\",\"potentialAction\":[{\"@type\":\"SearchAction\",\"target\":{\"@type\":\"EntryPoint\",\"urlTemplate\":\"https:\/\/maxdinaoxyveinclinic.com\/es\/?s={search_term_string}\"},\"query-input\":\"required name=search_term_string\"}],\"inLanguage\":\"es\"}]}<\/script>\n<!-- \/ Yoast SEO plugin. -->","yoast_head_json":{"title":"Depilaci\u00f3n Marbella con tratamientos sin dolor. Completa y servicios de brasille\u00f1os","description":"Depilaci\u00f3n Marbella con tratamientos sin dolor. Depilaci\u00f3n completa y servicios de depilaci\u00f3n Brasile\u00f1a, Hollywood o Tri\u00e1ngulo para Hombre y Mujeres","robots":{"index":"index","follow":"follow","max-snippet":"max-snippet:-1","max-image-preview":"max-image-preview:large","max-video-preview":"max-video-preview:-1"},"canonical":"https:\/\/maxdinaoxyveinclinic.com\/es\/depilacion-marbella-con-tratamientos-sin-dolor\/","og_locale":"es_ES","og_type":"article","og_title":"Depilaci\u00f3n Marbella con tratamientos sin dolor. Completa y servicios de brasille\u00f1os","og_description":"Depilaci\u00f3n Marbella con tratamientos sin dolor. Depilaci\u00f3n completa y servicios de depilaci\u00f3n Brasile\u00f1a, Hollywood o Tri\u00e1ngulo para Hombre y Mujeres","og_url":"https:\/\/maxdinaoxyveinclinic.com\/es\/depilacion-marbella-con-tratamientos-sin-dolor\/","og_site_name":"Maxdina Oxyvein Clinic Health, Wellness and Beauty","article_modified_time":"2025-01-29T12:21:03+00:00","og_image":[{"url":"https:\/\/maxdinaoxyveinclinic.com\/wp-content\/uploads\/2016\/08\/depilacion-cabina.jpg"}],"twitter_card":"summary_large_image","twitter_misc":{"Tiempo de lectura":"5 minutos"},"schema":{"@context":"https:\/\/schema.org","@graph":[{"@type":"WebPage","@id":"https:\/\/maxdinaoxyveinclinic.com\/es\/depilacion-marbella-con-tratamientos-sin-dolor\/","url":"https:\/\/maxdinaoxyveinclinic.com\/es\/depilacion-marbella-con-tratamientos-sin-dolor\/","name":"Depilaci\u00f3n Marbella con tratamientos sin dolor. Completa y servicios de brasille\u00f1os","isPartOf":{"@id":"https:\/\/maxdinaoxyveinclinic.com\/es\/#website"},"primaryImageOfPage":{"@id":"https:\/\/maxdinaoxyveinclinic.com\/es\/depilacion-marbella-con-tratamientos-sin-dolor\/#primaryimage"},"image":{"@id":"https:\/\/maxdinaoxyveinclinic.com\/es\/depilacion-marbella-con-tratamientos-sin-dolor\/#primaryimage"},"thumbnailUrl":"https:\/\/maxdinaoxyveinclinic.com\/wp-content\/uploads\/2016\/08\/depilacion-cabina.jpg","datePublished":"2016-08-29T10:33:32+00:00","dateModified":"2025-01-29T12:21:03+00:00","description":"Depilaci\u00f3n Marbella con tratamientos sin dolor. Depilaci\u00f3n completa y servicios de depilaci\u00f3n Brasile\u00f1a, Hollywood o Tri\u00e1ngulo para Hombre y Mujeres","breadcrumb":{"@id":"https:\/\/maxdinaoxyveinclinic.com\/es\/depilacion-marbella-con-tratamientos-sin-dolor\/#breadcrumb"},"inLanguage":"es","potentialAction":[{"@type":"ReadAction","target":["https:\/\/maxdinaoxyveinclinic.com\/es\/depilacion-marbella-con-tratamientos-sin-dolor\/"]}]},{"@type":"ImageObject","inLanguage":"es","@id":"https:\/\/maxdinaoxyveinclinic.com\/es\/depilacion-marbella-con-tratamientos-sin-dolor\/#primaryimage","url":"https:\/\/maxdinaoxyveinclinic.com\/wp-content\/uploads\/2016\/08\/depilacion-cabina.jpg","contentUrl":"https:\/\/maxdinaoxyveinclinic.com\/wp-content\/uploads\/2016\/08\/depilacion-cabina.jpg"},{"@type":"BreadcrumbList","@id":"https:\/\/maxdinaoxyveinclinic.com\/es\/depilacion-marbella-con-tratamientos-sin-dolor\/#breadcrumb","itemListElement":[{"@type":"ListItem","position":1,"name":"Portada","item":"https:\/\/maxdinaoxyveinclinic.com\/es\/"},{"@type":"ListItem","position":2,"name":"Depilaci\u00f3n con Yoga Estepona Marbella Costa del Sol con tratamientos sin dolor"}]},{"@type":"WebSite","@id":"https:\/\/maxdinaoxyveinclinic.com\/es\/#website","url":"https:\/\/maxdinaoxyveinclinic.com\/es\/","name":"Maxdina Oxyvein Clinic Health, Wellness and Beauty","description":"Centro de Bienestar y Belleza en Estepona-Marbella-Costa del SolFuengirola. Tratamientos y terapias curativas, Masajes Relajantes y terap\u00e9uticos","potentialAction":[{"@type":"SearchAction","target":{"@type":"EntryPoint","urlTemplate":"https:\/\/maxdinaoxyveinclinic.com\/es\/?s={search_term_string}"},"query-input":"required name=search_term_string"}],"inLanguage":"es"}]}},"_links":{"self":[{"href":"https:\/\/maxdinaoxyveinclinic.com\/es\/wp-json\/wp\/v2\/pages\/12475"}],"collection":[{"href":"https:\/\/maxdinaoxyveinclinic.com\/es\/wp-json\/wp\/v2\/pages"}],"about":[{"href":"https:\/\/maxdinaoxyveinclinic.com\/es\/wp-json\/wp\/v2\/types\/page"}],"author":[{"embeddable":true,"href":"https:\/\/maxdinaoxyveinclinic.com\/es\/wp-json\/wp\/v2\/users\/1"}],"replies":[{"embeddable":true,"href":"https:\/\/maxdinaoxyveinclinic.com\/es\/wp-json\/wp\/v2\/comments?post=12475"}],"version-history":[{"count":75,"href":"https:\/\/maxdinaoxyveinclinic.com\/es\/wp-json\/wp\/v2\/pages\/12475\/revisions"}],"predecessor-version":[{"id":14235,"href":"https:\/\/maxdinaoxyveinclinic.com\/es\/wp-json\/wp\/v2\/pages\/12475\/revisions\/14235"}],"wp:attachment":[{"href":"https:\/\/maxdinaoxyveinclinic.com\/es\/wp-json\/wp\/v2\/media?parent=12475"}],"curies":[{"name":"wp","href":"https:\/\/api.w.org\/{rel}","templated":true}]}}