{"id":12523,"date":"2016-08-29T13:34:02","date_gmt":"2016-08-29T13:34:02","guid":{"rendered":"https:\/\/maxdinaoxyveinclinic.com\/?page_id=12523"},"modified":"2018-08-06T07:28:55","modified_gmt":"2018-08-06T07:28:55","slug":"manicura-pedicura-y-unas-unisex","status":"publish","type":"page","link":"https:\/\/maxdinaoxyveinclinic.com\/es\/manicura-pedicura-y-unas-unisex\/","title":{"rendered":"Manicura, Pedicura y U\u00f1as especial"},"content":{"rendered":"<p><div class=\"fusion-fullwidth fullwidth-box fusion-builder-row-1 hundred-percent-fullwidth non-hundred-percent-height-scrolling\" style=\"--awb-background-position:left top;--awb-border-radius-top-left:0px;--awb-border-radius-top-right:0px;--awb-border-radius-bottom-right:0px;--awb-border-radius-bottom-left:0px;--awb-padding-top:100px;--awb-padding-right:11.25%;--awb-padding-bottom:20px;--awb-padding-left:11.25%;--awb-border-sizes-top:0px;--awb-border-sizes-bottom:0px;--awb-flex-wrap:wrap;\" ><div class=\"fusion-builder-row fusion-row\"><div class=\"fusion-layout-column fusion_builder_column fusion-builder-column-0 fusion_builder_column_1_2 1_2 fusion-one-half fusion-column-first\" style=\"--awb-bg-size:cover;width:48%; margin-right: 4%;\"><div class=\"fusion-column-wrapper fusion-flex-column-wrapper-legacy\"><div class=\"fusion-text fusion-text-1\"><h3><strong>Manicura Especial<\/strong><\/h3>\n<\/div><div class=\"fusion-text fusion-text-2\"><p>Un mimo estimulante para tratar sus manos o pies \u00a1nuestras manicuras y pedicuras dar\u00e1n a sus manos el tratamiento que se merecen! Este\u00a0<a href=\"https:\/\/maxdinaoxyveinclinic.com\/centro-de-bienestar-y-belleza-marbella\/\">\u00a0tratamientos de bienestar y belleza <\/a>\u00a0consta de el arreglo de las u\u00f1as junto con un masaje de manos, con una exfoliaci\u00f3n para eliminar la piel muerta y pueda traer de vuelta la suavidad de sus manos. Con una mano en remojo en agua caliente, aceites esenciales naturales y con el trabajo meticuloso de las cut\u00edculas, hasta que las u\u00f1as est\u00e1n listas para el pulido. Elija entre la amplia gama de colores \u00a1seg\u00fan su estado de \u00e1nimo o de la temporada!<\/p>\n<p><img decoding=\"async\" class=\"alignnone wp-image-12525 size-full\" title=\"Manicura, Pedicura y U\u00f1as, Unisex marbella\" src=\"https:\/\/maxdinaoxyveinclinic.com\/wp-content\/uploads\/2016\/08\/manicura-especial-maxdina-tratamientos-de-manos-marbella.jpg\" alt=\"Manicura, Pedicura y U\u00f1as, Unisex manicura-especial-maxdina-tratamientos-de-manos-marbella\" width=\"600\" height=\"299\" srcset=\"https:\/\/maxdinaoxyveinclinic.com\/wp-content\/uploads\/2016\/08\/manicura-especial-maxdina-tratamientos-de-manos-marbella-200x100.jpg 200w, https:\/\/maxdinaoxyveinclinic.com\/wp-content\/uploads\/2016\/08\/manicura-especial-maxdina-tratamientos-de-manos-marbella-300x150.jpg 300w, https:\/\/maxdinaoxyveinclinic.com\/wp-content\/uploads\/2016\/08\/manicura-especial-maxdina-tratamientos-de-manos-marbella-400x199.jpg 400w, https:\/\/maxdinaoxyveinclinic.com\/wp-content\/uploads\/2016\/08\/manicura-especial-maxdina-tratamientos-de-manos-marbella.jpg 600w\" sizes=\"(max-width: 600px) 100vw, 600px\" \/><\/p>\n<h3>Manicura especial &#8211; 25\u20ac<\/h3>\n<h3>Pedicura especial &#8211; 25\u20ac Luxery Spa pedicura &#8211; 50\u20ac<\/h3>\n<h3>Pedicura medicinal con masaje de los pies &#8211; 45 minutos 65\u20ac<\/h3>\n<h3>Pintura de u\u00f1as y la eliminaci\u00f3n complete de callos &#8211; 60 minutos 90\u20ac<\/h3>\n<h3>U\u00f1as encarnadas y la eliminaci\u00f3n completa de callos &#8211; 90 minutos 90\u20ac<\/h3>\n<h2><\/h2>\n<\/div><div class=\"fusion-clearfix\"><\/div><\/div><\/div><div class=\"fusion-layout-column fusion_builder_column fusion-builder-column-1 fusion_builder_column_1_2 1_2 fusion-one-half fusion-column-last\" style=\"--awb-bg-size:cover;width:48%;\"><div class=\"fusion-column-wrapper fusion-flex-column-wrapper-legacy\"><div class=\"fusion-text fusion-text-3\"><h3><strong>Pedicura Especial y Pedicura Medicinal<\/strong><\/h3>\n<\/div><div class=\"fusion-text fusion-text-4\"><p>Con el buen tiempo y el calor nos gusta m\u00e1s que nunca lucir unos pies perfectos y sobre todo unas u\u00f1as a todo color y a la \u00faltima, \u00bfverdad? El recorte de llenado, el masaje reflejo del pie, circulaci\u00f3n, cremas para la estimulaci\u00f3n de drenaje a base de hierbas. Adicional con pintura de u\u00f1as, u\u00f1as encarnadas y la eliminaci\u00f3n completa de callos. Tus pies deben durar toda la vida, as\u00ed que ten cuidado y d\u00e9jalos cuidar bien. Nuestros pies nos llevan a donde queremos ir. \u00bfAlguna vez se ha dado cuenta de que nuestros pies est\u00e1n constantemente bajo presi\u00f3n debido a nuestro peso corporal? Y es por eso que es importante que sus pies est\u00e9n en buenas condiciones?s.<\/p>\n<p><img decoding=\"async\" class=\"wp-image-13245 alignnone\" src=\"https:\/\/maxdinaoxyveinclinic.com\/wp-content\/uploads\/2016\/08\/WEB-pedicura.jpg\" alt=\"\" width=\"600\" height=\"299\" srcset=\"https:\/\/maxdinaoxyveinclinic.com\/wp-content\/uploads\/2016\/08\/WEB-pedicura-200x100.jpg 200w, https:\/\/maxdinaoxyveinclinic.com\/wp-content\/uploads\/2016\/08\/WEB-pedicura-300x149.jpg 300w, https:\/\/maxdinaoxyveinclinic.com\/wp-content\/uploads\/2016\/08\/WEB-pedicura-400x199.jpg 400w, https:\/\/maxdinaoxyveinclinic.com\/wp-content\/uploads\/2016\/08\/WEB-pedicura-600x299.jpg 600w, https:\/\/maxdinaoxyveinclinic.com\/wp-content\/uploads\/2016\/08\/WEB-pedicura-768x383.jpg 768w, https:\/\/maxdinaoxyveinclinic.com\/wp-content\/uploads\/2016\/08\/WEB-pedicura-800x399.jpg 800w, https:\/\/maxdinaoxyveinclinic.com\/wp-content\/uploads\/2016\/08\/WEB-pedicura-1024x510.jpg 1024w, https:\/\/maxdinaoxyveinclinic.com\/wp-content\/uploads\/2016\/08\/WEB-pedicura-1200x598.jpg 1200w, https:\/\/maxdinaoxyveinclinic.com\/wp-content\/uploads\/2016\/08\/WEB-pedicura.jpg 3079w\" sizes=\"(max-width: 600px) 100vw, 600px\" \/><\/p>\n<p><img decoding=\"async\" class=\" wp-image-12527 alignnone\" src=\"https:\/\/maxdinaoxyveinclinic.com\/wp-content\/uploads\/2016\/08\/pedicure-medicinal-maxdina-wellness-marbella.jpg\" alt=\"pedicure-medicinal-maxdina-wellness-marbella\" width=\"605\" height=\"302\" srcset=\"https:\/\/maxdinaoxyveinclinic.com\/wp-content\/uploads\/2016\/08\/pedicure-medicinal-maxdina-wellness-marbella-200x100.jpg 200w, https:\/\/maxdinaoxyveinclinic.com\/wp-content\/uploads\/2016\/08\/pedicure-medicinal-maxdina-wellness-marbella-300x150.jpg 300w, https:\/\/maxdinaoxyveinclinic.com\/wp-content\/uploads\/2016\/08\/pedicure-medicinal-maxdina-wellness-marbella-400x199.jpg 400w, https:\/\/maxdinaoxyveinclinic.com\/wp-content\/uploads\/2016\/08\/pedicure-medicinal-maxdina-wellness-marbella.jpg 600w\" sizes=\"(max-width: 605px) 100vw, 605px\" \/><\/p>\n<h3><\/h3>\n<\/div><div class=\"fusion-clearfix\"><\/div><\/div><\/div><\/div><\/div><div class=\"fusion-fullwidth fullwidth-box fusion-builder-row-2 hundred-percent-fullwidth non-hundred-percent-height-scrolling\" style=\"--awb-background-position:left top;--awb-border-radius-top-left:0px;--awb-border-radius-top-right:0px;--awb-border-radius-bottom-right:0px;--awb-border-radius-bottom-left:0px;--awb-padding-top:100px;--awb-padding-right:11.25%;--awb-padding-bottom:20px;--awb-padding-left:11.25%;--awb-border-sizes-top:0px;--awb-border-sizes-bottom:0px;--awb-flex-wrap:wrap;\" ><div class=\"fusion-builder-row fusion-row\"><div class=\"fusion-layout-column fusion_builder_column fusion-builder-column-2 fusion_builder_column_1_2 1_2 fusion-one-half fusion-column-first\" style=\"--awb-bg-size:cover;width:48%; margin-right: 4%;\"><div class=\"fusion-column-wrapper fusion-flex-column-wrapper-legacy\"><div class=\"fusion-text fusion-text-5\"><h3><strong>Arte de U\u00f1as: Gel &#8211; Gel Acrilico &#8211; Fascinaci\u00f3n de u\u00f1as de Porcelana.<\/strong><\/h3>\n<\/div><div class=\"fusion-text fusion-text-6\"><p>Inspiraci\u00f3n, con incrustaciones, etc. Estampados, perlas, purpurina, apliques de cristal y tachuelas ya no son accesorios exclusivos para las prendas de vestir. Todas sabemos que las u\u00f1as pueden revelar aspectos relacionados con nuestra salud y personalidad. Si est\u00e1n bien cuidadas denotan autoestima, organizaci\u00f3n y feminidad. No obstante, la dejadez pueden demostrar falta de preocupaci\u00f3n por una misma.<\/p>\n<p><img decoding=\"async\" class=\"alignnone wp-image-12530 size-full\" title=\"Manicura, Pedicura y U\u00f1as, Unisex marbella\" src=\"https:\/\/maxdinaoxyveinclinic.com\/wp-content\/uploads\/2016\/08\/arte-de-unas-maxdina-centro-bienestar-marbella.jpg\" alt=\"Manicura, Pedicura y U\u00f1as, Unisex marbella arte-de-unas-maxdina-centro-bienestar-marbella\" width=\"600\" height=\"299\" srcset=\"https:\/\/maxdinaoxyveinclinic.com\/wp-content\/uploads\/2016\/08\/arte-de-unas-maxdina-centro-bienestar-marbella-200x100.jpg 200w, https:\/\/maxdinaoxyveinclinic.com\/wp-content\/uploads\/2016\/08\/arte-de-unas-maxdina-centro-bienestar-marbella-300x150.jpg 300w, https:\/\/maxdinaoxyveinclinic.com\/wp-content\/uploads\/2016\/08\/arte-de-unas-maxdina-centro-bienestar-marbella-400x199.jpg 400w, https:\/\/maxdinaoxyveinclinic.com\/wp-content\/uploads\/2016\/08\/arte-de-unas-maxdina-centro-bienestar-marbella.jpg 600w\" sizes=\"(max-width: 600px) 100vw, 600px\" \/><\/p>\n<h3>Gel &#8211; 52\u20ac\/Gel acrilico &#8211; 72\u20ac\/Inlays &#8211; 90\u20ac\/<\/h3>\n<h3>Reparaci\u00f3n &#8211; 52\u20ac<\/h3>\n<h3>decoracion extra &#8211; 30\u20ac\/Arte de diamantes por pieza &#8211; 0,50\u20ac<\/h3>\n<h3>Swarovski real a petici\u00f3n<\/h3>\n<\/div><div class=\"fusion-clearfix\"><\/div><\/div><\/div><div class=\"fusion-layout-column fusion_builder_column fusion-builder-column-3 fusion_builder_column_1_2 1_2 fusion-one-half fusion-column-last\" style=\"--awb-bg-size:cover;width:48%;\"><div class=\"fusion-column-wrapper fusion-flex-column-wrapper-legacy\"><div class=\"fusion-text fusion-text-7\"><h3><strong>Arte de U\u00f1as: Maxdina Wellness Marbella<\/strong><\/h3>\n<\/div><div class=\"fusion-text fusion-text-8\"><p>Manicura, Pedicura y U\u00f1as,\u00a0\u00a0<a href=\"https:\/\/maxdinaoxyveinclinic.com\/centro-de-bienestar-y-belleza-marbella\/\">Maxdina Marbella Centro de bienestar y belleza<\/a><\/p>\n<p><img decoding=\"async\" class=\"alignnone wp-image-12822 \" title=\"Manicura, Pedicura y U\u00f1as, Unisex marbella\" src=\"https:\/\/maxdinaoxyveinclinic.com\/wp-content\/uploads\/2016\/08\/nail-treatments-maxdina-marbella.jpg\" alt=\"Manicura, Pedicura y U\u00f1as, Unisex marbella nail-treatments-maxdina-marbella\" width=\"740\" height=\"369\" srcset=\"https:\/\/maxdinaoxyveinclinic.com\/wp-content\/uploads\/2016\/08\/nail-treatments-maxdina-marbella-200x100.jpg 200w, https:\/\/maxdinaoxyveinclinic.com\/wp-content\/uploads\/2016\/08\/nail-treatments-maxdina-marbella-300x150.jpg 300w, https:\/\/maxdinaoxyveinclinic.com\/wp-content\/uploads\/2016\/08\/nail-treatments-maxdina-marbella-400x199.jpg 400w, https:\/\/maxdinaoxyveinclinic.com\/wp-content\/uploads\/2016\/08\/nail-treatments-maxdina-marbella.jpg 600w\" sizes=\"(max-width: 740px) 100vw, 740px\" \/><\/p>\n<\/div><div class=\"fusion-clearfix\"><\/div><\/div><\/div><\/div><\/div><\/p>\n","protected":false},"excerpt":{"rendered":"","protected":false},"author":1,"featured_media":0,"parent":0,"menu_order":0,"comment_status":"closed","ping_status":"closed","template":"100-width.php","meta":{"footnotes":""},"yoast_head":"<!-- This site is optimized with the Yoast SEO plugin v22.5 - https:\/\/yoast.com\/wordpress\/plugins\/seo\/ -->\n<title>Manicura, Pedicura y U\u00f1as, Unisex Marbella, Maxdina centro Bienestar<\/title>\n<meta name=\"description\" content=\"Manicura, Pedicura y U\u00f1as, Unisex Marbella, maxdina centro Bienestar y Belleza en Marbella, Arte de u\u00f1as, Gel Gel acrylico Marbella, Pedicura y manicura\" \/>\n<meta name=\"robots\" content=\"index, follow, max-snippet:-1, max-image-preview:large, max-video-preview:-1\" \/>\n<link rel=\"canonical\" href=\"https:\/\/maxdinaoxyveinclinic.com\/es\/manicura-pedicura-y-unas-unisex\/\" \/>\n<meta property=\"og:locale\" content=\"es_ES\" \/>\n<meta property=\"og:type\" content=\"article\" \/>\n<meta property=\"og:title\" content=\"Manicura, Pedicura y U\u00f1as, Unisex Marbella, Maxdina centro Bienestar\" \/>\n<meta property=\"og:description\" content=\"Manicura, Pedicura y U\u00f1as, Unisex Marbella, maxdina centro Bienestar y Belleza en Marbella, Arte de u\u00f1as, Gel Gel acrylico Marbella, Pedicura y manicura\" \/>\n<meta property=\"og:url\" content=\"https:\/\/maxdinaoxyveinclinic.com\/es\/manicura-pedicura-y-unas-unisex\/\" \/>\n<meta property=\"og:site_name\" content=\"Maxdina Oxyvein Clinic Health, Wellness and Beauty\" \/>\n<meta property=\"article:modified_time\" content=\"2018-08-06T07:28:55+00:00\" \/>\n<meta property=\"og:image\" content=\"https:\/\/maxdinaoxyveinclinic.com\/wp-content\/uploads\/2016\/08\/manicura-especial-maxdina-tratamientos-de-manos-marbella.jpg\" \/>\n<meta name=\"twitter:card\" content=\"summary_large_image\" \/>\n<meta name=\"twitter:label1\" content=\"Tiempo de lectura\" \/>\n\t<meta name=\"twitter:data1\" content=\"5 minutos\" \/>\n<script type=\"application\/ld+json\" class=\"yoast-schema-graph\">{\"@context\":\"https:\/\/schema.org\",\"@graph\":[{\"@type\":\"WebPage\",\"@id\":\"https:\/\/maxdinaoxyveinclinic.com\/es\/manicura-pedicura-y-unas-unisex\/\",\"url\":\"https:\/\/maxdinaoxyveinclinic.com\/es\/manicura-pedicura-y-unas-unisex\/\",\"name\":\"Manicura, Pedicura y U\u00f1as, Unisex Marbella, Maxdina centro Bienestar\",\"isPartOf\":{\"@id\":\"https:\/\/maxdinaoxyveinclinic.com\/es\/#website\"},\"primaryImageOfPage\":{\"@id\":\"https:\/\/maxdinaoxyveinclinic.com\/es\/manicura-pedicura-y-unas-unisex\/#primaryimage\"},\"image\":{\"@id\":\"https:\/\/maxdinaoxyveinclinic.com\/es\/manicura-pedicura-y-unas-unisex\/#primaryimage\"},\"thumbnailUrl\":\"https:\/\/maxdinaoxyveinclinic.com\/wp-content\/uploads\/2016\/08\/manicura-especial-maxdina-tratamientos-de-manos-marbella.jpg\",\"datePublished\":\"2016-08-29T13:34:02+00:00\",\"dateModified\":\"2018-08-06T07:28:55+00:00\",\"description\":\"Manicura, Pedicura y U\u00f1as, Unisex Marbella, maxdina centro Bienestar y Belleza en Marbella, Arte de u\u00f1as, Gel Gel acrylico Marbella, Pedicura y manicura\",\"breadcrumb\":{\"@id\":\"https:\/\/maxdinaoxyveinclinic.com\/es\/manicura-pedicura-y-unas-unisex\/#breadcrumb\"},\"inLanguage\":\"es\",\"potentialAction\":[{\"@type\":\"ReadAction\",\"target\":[\"https:\/\/maxdinaoxyveinclinic.com\/es\/manicura-pedicura-y-unas-unisex\/\"]}]},{\"@type\":\"ImageObject\",\"inLanguage\":\"es\",\"@id\":\"https:\/\/maxdinaoxyveinclinic.com\/es\/manicura-pedicura-y-unas-unisex\/#primaryimage\",\"url\":\"https:\/\/maxdinaoxyveinclinic.com\/wp-content\/uploads\/2016\/08\/manicura-especial-maxdina-tratamientos-de-manos-marbella.jpg\",\"contentUrl\":\"https:\/\/maxdinaoxyveinclinic.com\/wp-content\/uploads\/2016\/08\/manicura-especial-maxdina-tratamientos-de-manos-marbella.jpg\"},{\"@type\":\"BreadcrumbList\",\"@id\":\"https:\/\/maxdinaoxyveinclinic.com\/es\/manicura-pedicura-y-unas-unisex\/#breadcrumb\",\"itemListElement\":[{\"@type\":\"ListItem\",\"position\":1,\"name\":\"Portada\",\"item\":\"https:\/\/maxdinaoxyveinclinic.com\/es\/\"},{\"@type\":\"ListItem\",\"position\":2,\"name\":\"Manicura, Pedicura y U\u00f1as especial\"}]},{\"@type\":\"WebSite\",\"@id\":\"https:\/\/maxdinaoxyveinclinic.com\/es\/#website\",\"url\":\"https:\/\/maxdinaoxyveinclinic.com\/es\/\",\"name\":\"Maxdina Oxyvein Clinic Health, Wellness and Beauty\",\"description\":\"Centro de Bienestar y Belleza en Estepona-Marbella-Costa del SolFuengirola. Tratamientos y terapias curativas, Masajes Relajantes y terap\u00e9uticos\",\"potentialAction\":[{\"@type\":\"SearchAction\",\"target\":{\"@type\":\"EntryPoint\",\"urlTemplate\":\"https:\/\/maxdinaoxyveinclinic.com\/es\/?s={search_term_string}\"},\"query-input\":\"required name=search_term_string\"}],\"inLanguage\":\"es\"}]}<\/script>\n<!-- \/ Yoast SEO plugin. -->","yoast_head_json":{"title":"Manicura, Pedicura y U\u00f1as, Unisex Marbella, Maxdina centro Bienestar","description":"Manicura, Pedicura y U\u00f1as, Unisex Marbella, maxdina centro Bienestar y Belleza en Marbella, Arte de u\u00f1as, Gel Gel acrylico Marbella, Pedicura y manicura","robots":{"index":"index","follow":"follow","max-snippet":"max-snippet:-1","max-image-preview":"max-image-preview:large","max-video-preview":"max-video-preview:-1"},"canonical":"https:\/\/maxdinaoxyveinclinic.com\/es\/manicura-pedicura-y-unas-unisex\/","og_locale":"es_ES","og_type":"article","og_title":"Manicura, Pedicura y U\u00f1as, Unisex Marbella, Maxdina centro Bienestar","og_description":"Manicura, Pedicura y U\u00f1as, Unisex Marbella, maxdina centro Bienestar y Belleza en Marbella, Arte de u\u00f1as, Gel Gel acrylico Marbella, Pedicura y manicura","og_url":"https:\/\/maxdinaoxyveinclinic.com\/es\/manicura-pedicura-y-unas-unisex\/","og_site_name":"Maxdina Oxyvein Clinic Health, Wellness and Beauty","article_modified_time":"2018-08-06T07:28:55+00:00","og_image":[{"url":"https:\/\/maxdinaoxyveinclinic.com\/wp-content\/uploads\/2016\/08\/manicura-especial-maxdina-tratamientos-de-manos-marbella.jpg"}],"twitter_card":"summary_large_image","twitter_misc":{"Tiempo de lectura":"5 minutos"},"schema":{"@context":"https:\/\/schema.org","@graph":[{"@type":"WebPage","@id":"https:\/\/maxdinaoxyveinclinic.com\/es\/manicura-pedicura-y-unas-unisex\/","url":"https:\/\/maxdinaoxyveinclinic.com\/es\/manicura-pedicura-y-unas-unisex\/","name":"Manicura, Pedicura y U\u00f1as, Unisex Marbella, Maxdina centro Bienestar","isPartOf":{"@id":"https:\/\/maxdinaoxyveinclinic.com\/es\/#website"},"primaryImageOfPage":{"@id":"https:\/\/maxdinaoxyveinclinic.com\/es\/manicura-pedicura-y-unas-unisex\/#primaryimage"},"image":{"@id":"https:\/\/maxdinaoxyveinclinic.com\/es\/manicura-pedicura-y-unas-unisex\/#primaryimage"},"thumbnailUrl":"https:\/\/maxdinaoxyveinclinic.com\/wp-content\/uploads\/2016\/08\/manicura-especial-maxdina-tratamientos-de-manos-marbella.jpg","datePublished":"2016-08-29T13:34:02+00:00","dateModified":"2018-08-06T07:28:55+00:00","description":"Manicura, Pedicura y U\u00f1as, Unisex Marbella, maxdina centro Bienestar y Belleza en Marbella, Arte de u\u00f1as, Gel Gel acrylico Marbella, Pedicura y manicura","breadcrumb":{"@id":"https:\/\/maxdinaoxyveinclinic.com\/es\/manicura-pedicura-y-unas-unisex\/#breadcrumb"},"inLanguage":"es","potentialAction":[{"@type":"ReadAction","target":["https:\/\/maxdinaoxyveinclinic.com\/es\/manicura-pedicura-y-unas-unisex\/"]}]},{"@type":"ImageObject","inLanguage":"es","@id":"https:\/\/maxdinaoxyveinclinic.com\/es\/manicura-pedicura-y-unas-unisex\/#primaryimage","url":"https:\/\/maxdinaoxyveinclinic.com\/wp-content\/uploads\/2016\/08\/manicura-especial-maxdina-tratamientos-de-manos-marbella.jpg","contentUrl":"https:\/\/maxdinaoxyveinclinic.com\/wp-content\/uploads\/2016\/08\/manicura-especial-maxdina-tratamientos-de-manos-marbella.jpg"},{"@type":"BreadcrumbList","@id":"https:\/\/maxdinaoxyveinclinic.com\/es\/manicura-pedicura-y-unas-unisex\/#breadcrumb","itemListElement":[{"@type":"ListItem","position":1,"name":"Portada","item":"https:\/\/maxdinaoxyveinclinic.com\/es\/"},{"@type":"ListItem","position":2,"name":"Manicura, Pedicura y U\u00f1as especial"}]},{"@type":"WebSite","@id":"https:\/\/maxdinaoxyveinclinic.com\/es\/#website","url":"https:\/\/maxdinaoxyveinclinic.com\/es\/","name":"Maxdina Oxyvein Clinic Health, Wellness and Beauty","description":"Centro de Bienestar y Belleza en Estepona-Marbella-Costa del SolFuengirola. Tratamientos y terapias curativas, Masajes Relajantes y terap\u00e9uticos","potentialAction":[{"@type":"SearchAction","target":{"@type":"EntryPoint","urlTemplate":"https:\/\/maxdinaoxyveinclinic.com\/es\/?s={search_term_string}"},"query-input":"required name=search_term_string"}],"inLanguage":"es"}]}},"_links":{"self":[{"href":"https:\/\/maxdinaoxyveinclinic.com\/es\/wp-json\/wp\/v2\/pages\/12523"}],"collection":[{"href":"https:\/\/maxdinaoxyveinclinic.com\/es\/wp-json\/wp\/v2\/pages"}],"about":[{"href":"https:\/\/maxdinaoxyveinclinic.com\/es\/wp-json\/wp\/v2\/types\/page"}],"author":[{"embeddable":true,"href":"https:\/\/maxdinaoxyveinclinic.com\/es\/wp-json\/wp\/v2\/users\/1"}],"replies":[{"embeddable":true,"href":"https:\/\/maxdinaoxyveinclinic.com\/es\/wp-json\/wp\/v2\/comments?post=12523"}],"version-history":[{"count":61,"href":"https:\/\/maxdinaoxyveinclinic.com\/es\/wp-json\/wp\/v2\/pages\/12523\/revisions"}],"predecessor-version":[{"id":13862,"href":"https:\/\/maxdinaoxyveinclinic.com\/es\/wp-json\/wp\/v2\/pages\/12523\/revisions\/13862"}],"wp:attachment":[{"href":"https:\/\/maxdinaoxyveinclinic.com\/es\/wp-json\/wp\/v2\/media?parent=12523"}],"curies":[{"name":"wp","href":"https:\/\/api.w.org\/{rel}","templated":true}]}}